{"id":845,"date":"2026-03-02T18:59:27","date_gmt":"2026-03-02T21:59:27","guid":{"rendered":"https:\/\/lojapixel3d.com\/?page_id=845"},"modified":"2026-03-16T18:06:56","modified_gmt":"2026-03-16T21:06:56","slug":"sobre-nos","status":"publish","type":"page","link":"https:\/\/lojapixel3d.com\/en\/sobre-nos\/","title":{"rendered":"Sobre n\u00f3s"},"content":{"rendered":"<div data-elementor-type=\"wp-page\" data-elementor-id=\"845\" class=\"elementor elementor-845\" data-elementor-post-type=\"page\">\n\t\t\t\t<div class=\"elementor-element elementor-element-2f4963d3 e-flex e-con-boxed e-con e-parent\" data-id=\"2f4963d3\" data-element_type=\"container\" data-e-type=\"container\">\n\t\t\t\t\t<div class=\"e-con-inner\">\n\t\t\t\t<div class=\"elementor-element elementor-element-5d29a72f elementor-widget elementor-widget-text-editor\" data-id=\"5d29a72f\" data-element_type=\"widget\" data-e-type=\"widget\" data-widget_type=\"text-editor.default\">\n\t\t\t\t\t\t\t\t\t<h2><span style=\"color: #000000;\"><strong>Sobre n\u00f3s<\/strong><\/span><\/h2>\n<p><span style=\"color: #000000;\">A <strong>Pixel 3D<\/strong> \u00e9 uma empresa brasileira de varejo dedicada \u00e0 comercializa\u00e7\u00e3o de produtos no ambiente online. A opera\u00e7\u00e3o \u00e9 mantida por <strong>63.992.057 CAINAN DE OLIVEIRA SANTOS<\/strong>, inscrita no CNPJ sob o n\u00ba <strong>63.992.057\/0001-34<\/strong>, empresa regularmente registrada no Brasil e com sede em Cotia\/SP.<\/span><\/p>\n<p><span style=\"color: #000000;\"><\/span><\/p>\n<p><span style=\"color: #000000;\">Se voc\u00ea tiver d\u00favidas ou precisar de suporte, nosso Servi\u00e7o de Atendimento ao Cliente (SAC) est\u00e1 dispon\u00edvel pelos seguintes canais:<\/span><\/p>\n<p><span style=\"color: #000000;\"><\/span><\/p>\n<p><span style=\"color: #000000;\"><strong>E-mail:<\/strong> <span style=\"text-decoration: underline;\"><a style=\"color: #000000; text-decoration: underline;\" href=\"mailto:contato@lojapixel3d.com\">contato@lojapixel3d.com<\/a><\/span><\/span><br \/><span style=\"color: #000000;\"><strong>WhatsApp:<\/strong> <span style=\"text-decoration: underline;\"><a style=\"color: #000000; text-decoration: underline;\" href=\"https:\/\/wa.me\/5511997719131\">(11) 99771-9131<\/a><\/span><\/span><br \/><span style=\"color: #000000;\"><strong>Telefone:<\/strong> <span style=\"text-decoration: underline;\"><a style=\"color: #000000; text-decoration: underline;\" href=\"https:\/\/wa.me\/5511997719131\">(11) 99771-9131<\/a><\/span><\/span><br \/><span style=\"color: #000000;\"><strong>Hor\u00e1rio de atendimento:<\/strong> segunda a sexta-feira, das 08:00 \u00e0s 18:00 (hor\u00e1rio de Bras\u00edlia)<\/span><br \/><span style=\"color: #000000;\"><strong>Endere\u00e7o:<\/strong> Rua Paulo Antonio da Silva, 151 \u2013 Jardim Barbacena \u2013 Cotia \u2013 SP \u2013 CEP: 06710-438<\/span><\/p>\n<p><span style=\"color: #000000;\"><\/span><\/p>\n<hr class=\"wp-block-separator has-alpha-channel-opacity\" \/>\n<p><span style=\"color: #000000;\"><\/span><\/p>\n<h2 class=\"wp-block-heading\"><span style=\"color: #000000;\"><strong>Dados Empresariais<\/strong><\/span><\/h2>\n<p><span style=\"color: #000000;\"><\/span><\/p>\n<p><span style=\"color: #000000;\"><strong>CNPJ:<\/strong> 63.992.057\/0001-34<\/span><br \/><span style=\"color: #000000;\"><strong>Raz\u00e3o Social:<\/strong> 63.992.057 CAINAN DE OLIVEIRA SANTOS<\/span><\/p>\n<p><span style=\"color: #000000;\"><\/span><\/p>\n<hr class=\"wp-block-separator has-alpha-channel-opacity\" \/>\n<p><span style=\"color: #000000;\"><\/span><\/p>\n<h2 class=\"wp-block-heading\"><span style=\"color: #000000;\"><strong>Altera\u00e7\u00f5es e Atualiza\u00e7\u00f5es<\/strong><\/span><\/h2>\n<p><span style=\"color: #000000;\"><\/span><\/p>\n<p><span style=\"color: #000000;\">A Pixel 3D poder\u00e1 modificar este conte\u00fado a qualquer momento, especialmente para refletir altera\u00e7\u00f5es na legisla\u00e7\u00e3o ou em suas pr\u00e1ticas comerciais.<\/span><\/p>\n<p><span style=\"color: #000000;\"><\/span><\/p>\n<p><span style=\"color: #000000;\">Recomendamos que esta p\u00e1gina seja consultada periodicamente para acompanhamento da vers\u00e3o vigente.<\/span><\/p>\n<p><span style=\"color: #000000;\"><\/span><\/p>\n<p><span style=\"color: #000000;\"><strong>\u00daltima atualiza\u00e7\u00e3o: 16\/03\/2026<\/strong><\/span><\/p>\n<p><span style=\"color: #000000;\"><\/span><\/p>\n<p><span style=\"color: #000000;\"><strong>Equipe Pixel 3D \u2013 2026<\/strong><\/span><\/p>\n<p><span style=\"color: #000000;\"><\/span><\/p>\t\t\t\t\t\t\t\t<\/div>\n\t\t\t\t\t<\/div>\n\t\t\t\t<\/div>\n\t\t\t\t<\/div>","protected":false},"excerpt":{"rendered":"<p>Sobre n\u00f3s A Pixel 3D \u00e9 uma empresa brasileira de varejo dedicada \u00e0 comercializa\u00e7\u00e3o de produtos no ambiente online. A opera\u00e7\u00e3o \u00e9 mantida por 63.992.057 CAINAN DE OLIVEIRA SANTOS, inscrita no CNPJ sob o n\u00ba 63.992.057\/0001-34, empresa regularmente registrada no Brasil e com sede em Cotia\/SP. Se voc\u00ea tiver d\u00favidas ou precisar de suporte, nosso [&hellip;]<\/p>\n","protected":false},"author":1,"featured_media":0,"parent":0,"menu_order":0,"comment_status":"closed","ping_status":"closed","template":"","meta":{"footnotes":""},"class_list":["post-845","page","type-page","status-publish","hentry"],"yoast_head":"<!-- This site is optimized with the Yoast SEO plugin v27.3 - https:\/\/yoast.com\/product\/yoast-seo-wordpress\/ -->\n<title>Sobre n\u00f3s - Pixel 3D<\/title>\n<meta name=\"robots\" content=\"index, follow, max-snippet:-1, max-image-preview:large, max-video-preview:-1\" \/>\n<link rel=\"canonical\" href=\"https:\/\/lojapixel3d.com\/en\/sobre-nos\/\" \/>\n<meta property=\"og:locale\" content=\"en_US\" \/>\n<meta property=\"og:type\" content=\"article\" \/>\n<meta property=\"og:title\" content=\"Sobre n\u00f3s - Pixel 3D\" \/>\n<meta property=\"og:description\" content=\"Sobre n\u00f3s A Pixel 3D \u00e9 uma empresa brasileira de varejo dedicada \u00e0 comercializa\u00e7\u00e3o de produtos no ambiente online. A opera\u00e7\u00e3o \u00e9 mantida por 63.992.057 CAINAN DE OLIVEIRA SANTOS, inscrita no CNPJ sob o n\u00ba 63.992.057\/0001-34, empresa regularmente registrada no Brasil e com sede em Cotia\/SP. Se voc\u00ea tiver d\u00favidas ou precisar de suporte, nosso [&hellip;]\" \/>\n<meta property=\"og:url\" content=\"https:\/\/lojapixel3d.com\/en\/sobre-nos\/\" \/>\n<meta property=\"og:site_name\" content=\"Pixel 3D\" \/>\n<meta property=\"article:modified_time\" content=\"2026-03-16T21:06:56+00:00\" \/>\n<meta name=\"twitter:card\" content=\"summary_large_image\" \/>\n<meta name=\"twitter:label1\" content=\"Est. reading time\" \/>\n\t<meta name=\"twitter:data1\" content=\"1 minute\" \/>\n<script type=\"application\/ld+json\" class=\"yoast-schema-graph\">{\"@context\":\"https:\\\/\\\/schema.org\",\"@graph\":[{\"@type\":\"WebPage\",\"@id\":\"https:\\\/\\\/lojapixel3d.com\\\/sobre-nos\\\/\",\"url\":\"https:\\\/\\\/lojapixel3d.com\\\/sobre-nos\\\/\",\"name\":\"Sobre n\u00f3s - Pixel 3D\",\"isPartOf\":{\"@id\":\"https:\\\/\\\/mediumvioletred-llama-822322.hostingersite.com\\\/#website\"},\"datePublished\":\"2026-03-02T21:59:27+00:00\",\"dateModified\":\"2026-03-16T21:06:56+00:00\",\"breadcrumb\":{\"@id\":\"https:\\\/\\\/lojapixel3d.com\\\/sobre-nos\\\/#breadcrumb\"},\"inLanguage\":\"en-US\",\"potentialAction\":[{\"@type\":\"ReadAction\",\"target\":[\"https:\\\/\\\/lojapixel3d.com\\\/sobre-nos\\\/\"]}]},{\"@type\":\"BreadcrumbList\",\"@id\":\"https:\\\/\\\/lojapixel3d.com\\\/sobre-nos\\\/#breadcrumb\",\"itemListElement\":[{\"@type\":\"ListItem\",\"position\":1,\"name\":\"In\u00edcio\",\"item\":\"https:\\\/\\\/lojapixel3d.com\\\/\"},{\"@type\":\"ListItem\",\"position\":2,\"name\":\"Sobre n\u00f3s\"}]},{\"@type\":\"WebSite\",\"@id\":\"https:\\\/\\\/mediumvioletred-llama-822322.hostingersite.com\\\/#website\",\"url\":\"https:\\\/\\\/mediumvioletred-llama-822322.hostingersite.com\\\/\",\"name\":\"Pixel 3D\",\"description\":\"\",\"publisher\":{\"@id\":\"https:\\\/\\\/mediumvioletred-llama-822322.hostingersite.com\\\/#organization\"},\"potentialAction\":[{\"@type\":\"SearchAction\",\"target\":{\"@type\":\"EntryPoint\",\"urlTemplate\":\"https:\\\/\\\/mediumvioletred-llama-822322.hostingersite.com\\\/?s={search_term_string}\"},\"query-input\":{\"@type\":\"PropertyValueSpecification\",\"valueRequired\":true,\"valueName\":\"search_term_string\"}}],\"inLanguage\":\"en-US\"},{\"@type\":\"Organization\",\"@id\":\"https:\\\/\\\/mediumvioletred-llama-822322.hostingersite.com\\\/#organization\",\"name\":\"Pixel 3D\",\"url\":\"https:\\\/\\\/mediumvioletred-llama-822322.hostingersite.com\\\/\",\"logo\":{\"@type\":\"ImageObject\",\"inLanguage\":\"en-US\",\"@id\":\"https:\\\/\\\/mediumvioletred-llama-822322.hostingersite.com\\\/#\\\/schema\\\/logo\\\/image\\\/\",\"url\":\"https:\\\/\\\/lojapixel3d.com\\\/wp-content\\\/uploads\\\/2026\\\/02\\\/cropped-PIXEL-3D-1200-x-300-px-2-1.png\",\"contentUrl\":\"https:\\\/\\\/lojapixel3d.com\\\/wp-content\\\/uploads\\\/2026\\\/02\\\/cropped-PIXEL-3D-1200-x-300-px-2-1.png\",\"width\":1200,\"height\":269,\"caption\":\"Pixel 3D\"},\"image\":{\"@id\":\"https:\\\/\\\/mediumvioletred-llama-822322.hostingersite.com\\\/#\\\/schema\\\/logo\\\/image\\\/\"},\"sameAs\":[\"https:\\\/\\\/wa.me\\\/5511997719131\"]}]}<\/script>\n<!-- \/ Yoast SEO plugin. -->","yoast_head_json":{"title":"Sobre n\u00f3s - Pixel 3D","robots":{"index":"index","follow":"follow","max-snippet":"max-snippet:-1","max-image-preview":"max-image-preview:large","max-video-preview":"max-video-preview:-1"},"canonical":"https:\/\/lojapixel3d.com\/en\/sobre-nos\/","og_locale":"en_US","og_type":"article","og_title":"Sobre n\u00f3s - Pixel 3D","og_description":"Sobre n\u00f3s A Pixel 3D \u00e9 uma empresa brasileira de varejo dedicada \u00e0 comercializa\u00e7\u00e3o de produtos no ambiente online. A opera\u00e7\u00e3o \u00e9 mantida por 63.992.057 CAINAN DE OLIVEIRA SANTOS, inscrita no CNPJ sob o n\u00ba 63.992.057\/0001-34, empresa regularmente registrada no Brasil e com sede em Cotia\/SP. Se voc\u00ea tiver d\u00favidas ou precisar de suporte, nosso [&hellip;]","og_url":"https:\/\/lojapixel3d.com\/en\/sobre-nos\/","og_site_name":"Pixel 3D","article_modified_time":"2026-03-16T21:06:56+00:00","twitter_card":"summary_large_image","twitter_misc":{"Est. reading time":"1 minute"},"schema":{"@context":"https:\/\/schema.org","@graph":[{"@type":"WebPage","@id":"https:\/\/lojapixel3d.com\/sobre-nos\/","url":"https:\/\/lojapixel3d.com\/sobre-nos\/","name":"Sobre n\u00f3s - Pixel 3D","isPartOf":{"@id":"https:\/\/mediumvioletred-llama-822322.hostingersite.com\/#website"},"datePublished":"2026-03-02T21:59:27+00:00","dateModified":"2026-03-16T21:06:56+00:00","breadcrumb":{"@id":"https:\/\/lojapixel3d.com\/sobre-nos\/#breadcrumb"},"inLanguage":"en-US","potentialAction":[{"@type":"ReadAction","target":["https:\/\/lojapixel3d.com\/sobre-nos\/"]}]},{"@type":"BreadcrumbList","@id":"https:\/\/lojapixel3d.com\/sobre-nos\/#breadcrumb","itemListElement":[{"@type":"ListItem","position":1,"name":"In\u00edcio","item":"https:\/\/lojapixel3d.com\/"},{"@type":"ListItem","position":2,"name":"Sobre n\u00f3s"}]},{"@type":"WebSite","@id":"https:\/\/mediumvioletred-llama-822322.hostingersite.com\/#website","url":"https:\/\/mediumvioletred-llama-822322.hostingersite.com\/","name":"Pixel 3D","description":"","publisher":{"@id":"https:\/\/mediumvioletred-llama-822322.hostingersite.com\/#organization"},"potentialAction":[{"@type":"SearchAction","target":{"@type":"EntryPoint","urlTemplate":"https:\/\/mediumvioletred-llama-822322.hostingersite.com\/?s={search_term_string}"},"query-input":{"@type":"PropertyValueSpecification","valueRequired":true,"valueName":"search_term_string"}}],"inLanguage":"en-US"},{"@type":"Organization","@id":"https:\/\/mediumvioletred-llama-822322.hostingersite.com\/#organization","name":"Pixel 3D","url":"https:\/\/mediumvioletred-llama-822322.hostingersite.com\/","logo":{"@type":"ImageObject","inLanguage":"en-US","@id":"https:\/\/mediumvioletred-llama-822322.hostingersite.com\/#\/schema\/logo\/image\/","url":"https:\/\/lojapixel3d.com\/wp-content\/uploads\/2026\/02\/cropped-PIXEL-3D-1200-x-300-px-2-1.png","contentUrl":"https:\/\/lojapixel3d.com\/wp-content\/uploads\/2026\/02\/cropped-PIXEL-3D-1200-x-300-px-2-1.png","width":1200,"height":269,"caption":"Pixel 3D"},"image":{"@id":"https:\/\/mediumvioletred-llama-822322.hostingersite.com\/#\/schema\/logo\/image\/"},"sameAs":["https:\/\/wa.me\/5511997719131"]}]}},"_links":{"self":[{"href":"https:\/\/lojapixel3d.com\/en\/wp-json\/wp\/v2\/pages\/845","targetHints":{"allow":["GET"]}}],"collection":[{"href":"https:\/\/lojapixel3d.com\/en\/wp-json\/wp\/v2\/pages"}],"about":[{"href":"https:\/\/lojapixel3d.com\/en\/wp-json\/wp\/v2\/types\/page"}],"author":[{"embeddable":true,"href":"https:\/\/lojapixel3d.com\/en\/wp-json\/wp\/v2\/users\/1"}],"replies":[{"embeddable":true,"href":"https:\/\/lojapixel3d.com\/en\/wp-json\/wp\/v2\/comments?post=845"}],"version-history":[{"count":5,"href":"https:\/\/lojapixel3d.com\/en\/wp-json\/wp\/v2\/pages\/845\/revisions"}],"predecessor-version":[{"id":948,"href":"https:\/\/lojapixel3d.com\/en\/wp-json\/wp\/v2\/pages\/845\/revisions\/948"}],"wp:attachment":[{"href":"https:\/\/lojapixel3d.com\/en\/wp-json\/wp\/v2\/media?parent=845"}],"curies":[{"name":"wp","href":"https:\/\/api.w.org\/{rel}","templated":true}]}}