{"id":301,"date":"2026-02-14T19:43:39","date_gmt":"2026-02-14T19:43:39","guid":{"rendered":"https:\/\/lojapixel3d.com\/?post_type=product&#038;p=301"},"modified":"2026-03-30T13:08:05","modified_gmt":"2026-03-30T16:08:05","slug":"chapa-com-prensa-grill-eletrica-650x325mm-metalcubas-mge70","status":"publish","type":"product","link":"https:\/\/lojapixel3d.com\/en\/product\/chapa-com-prensa-grill-eletrica-650x325mm-metalcubas-mge70\/","title":{"rendered":"Chapa Com Prensa Grill El\u00e9trica 650x325mm METALCUBAS MGE70"},"content":{"rendered":"<p><strong>Chapa Com Prensa Grill El\u00e9trica 650x325mm METALCUBAS MGE70<\/strong> \u00e9 a solu\u00e7\u00e3o profissional ideal para opera\u00e7\u00f5es comerciais, combinando qualidade, durabilidade e efici\u00eancia comprovadas pela marca <strong>Metalcubas<\/strong> para resultados superiores no dia a dia.<\/p>\n<h3>\ud83d\udccb Especifica\u00e7\u00f5es T\u00e9cnicas<\/h3>\n<table style=\"width:100%;border-collapse:collapse;margin:20px 0\">\n<thead>\n<tr style=\"background:#f5f5f5\">\n<th style=\"padding:10px;text-align:left;border:1px solid #ddd\">Caracter\u00edstica<\/th>\n<th style=\"padding:10px;text-align:left;border:1px solid #ddd\">Detalhe<\/th>\n<\/tr>\n<\/thead>\n<tbody>\n<tr>\n<td style=\"padding:8px;border:1px solid #ddd\"><strong>Marca<\/strong><\/td>\n<td style=\"padding:8px;border:1px solid #ddd\">METALCUBAS<\/td>\n<\/tr>\n<tr>\n<td style=\"padding:8px;border:1px solid #ddd\"><strong>Modelo<\/strong><\/td>\n<td style=\"padding:8px;border:1px solid #ddd\">MGE70<\/td>\n<\/tr>\n<tr>\n<td style=\"padding:8px;border:1px solid #ddd\"><strong>Peso<\/strong><\/td>\n<td style=\"padding:8px;border:1px solid #ddd\">13.1 kg<\/td>\n<\/tr>\n<tr>\n<td style=\"padding:8px;border:1px solid #ddd\"><strong>Dimens\u00f5es (L x P x A)<\/strong><\/td>\n<td style=\"padding:8px;border:1px solid #ddd\">65.5 x 44.5 x 16.5 cm<\/td>\n<\/tr>\n<tr>\n<td style=\"padding:8px;border:1px solid #ddd\"><strong>Garantia<\/strong><\/td>\n<td style=\"padding:8px;border:1px solid #ddd\">6 meses<\/td>\n<\/tr>\n<\/tbody>\n<\/table>\n<h3>\u2705 Principais Caracter\u00edsticas<\/h3>\n<ul>\n<li>\u2713 Eleve o sabor com a chapa com Prensa Grill El\u00e9trica Metalcubas<\/li>\n<li>\u2713 Perfeita para tostar torradas, lanches prensados em restaurantes, lanchonetes, hot\u00e9is, conveni\u00eancias e padarias<\/li>\n<li>\u2713 Transforme seu card\u00e1pio, garantindo rapidez e qualidade<\/li>\n<li>\u2713 Adquira j\u00e1 e destaque-se na culin\u00e1ria!<\/li>\n<li>\u2713 Estrutura em a\u00e7o inox 430 escovado<\/li>\n<li>\u2713 Base superior e base inferior em a\u00e7o carbono SAE 1020 de 2,0 mm estampado<\/li>\n<li>\u2713 Resist\u00eancias superior e inferior em a\u00e7o inoxidavel<\/li>\n<li>\u2713 Termostatos para controle de temperatura<\/li>\n<\/ul>","protected":false},"excerpt":{"rendered":"<p>Chapa Com Prensa Grill El\u00e9trica 650x325mm METALCUBAS MGE70<\/p>","protected":false},"featured_media":76,"comment_status":"open","ping_status":"closed","template":"","meta":[],"product_brand":[23],"product_cat":[122],"product_tag":[],"class_list":{"0":"post-301","1":"product","2":"type-product","3":"status-publish","4":"has-post-thumbnail","6":"product_brand-metalcubas","7":"product_cat-sanduicheiras-e-grills","9":"first","10":"instock","11":"shipping-taxable","12":"purchasable","13":"product-type-simple"},"yoast_head":"<!-- This site is optimized with the Yoast SEO plugin v27.3 - https:\/\/yoast.com\/product\/yoast-seo-wordpress\/ -->\n<title>Chapa Com Prensa Grill El\u00e9trica 650x325mm METALCUBAS MGE70 - Pixel 3D<\/title>\n<meta name=\"robots\" content=\"index, follow, max-snippet:-1, max-image-preview:large, max-video-preview:-1\" \/>\n<link rel=\"canonical\" href=\"https:\/\/lojapixel3d.com\/en\/product\/chapa-com-prensa-grill-eletrica-650x325mm-metalcubas-mge70\/\" \/>\n<meta property=\"og:locale\" content=\"en_US\" \/>\n<meta property=\"og:type\" content=\"article\" \/>\n<meta property=\"og:title\" content=\"Chapa Com Prensa Grill El\u00e9trica 650x325mm METALCUBAS MGE70 - Pixel 3D\" \/>\n<meta property=\"og:description\" content=\"Chapa Com Prensa Grill El\u00e9trica 650x325mm METALCUBAS MGE70\" \/>\n<meta property=\"og:url\" content=\"https:\/\/lojapixel3d.com\/en\/product\/chapa-com-prensa-grill-eletrica-650x325mm-metalcubas-mge70\/\" \/>\n<meta property=\"og:site_name\" content=\"Pixel 3D\" \/>\n<meta property=\"article:modified_time\" content=\"2026-03-30T16:08:05+00:00\" \/>\n<meta name=\"twitter:card\" content=\"summary_large_image\" \/>\n<meta name=\"twitter:label1\" content=\"Est. reading time\" \/>\n\t<meta name=\"twitter:data1\" content=\"1 minute\" \/>\n<script type=\"application\/ld+json\" class=\"yoast-schema-graph\">{\"@context\":\"https:\\\/\\\/schema.org\",\"@graph\":[{\"@type\":[\"WebPage\",\"ItemPage\"],\"@id\":\"https:\\\/\\\/lojapixel3d.com\\\/produto\\\/chapa-com-prensa-grill-eletrica-650x325mm-metalcubas-mge70\\\/\",\"url\":\"https:\\\/\\\/lojapixel3d.com\\\/produto\\\/chapa-com-prensa-grill-eletrica-650x325mm-metalcubas-mge70\\\/\",\"name\":\"Chapa Com Prensa Grill El\u00e9trica 650x325mm METALCUBAS MGE70 - Pixel 3D\",\"isPartOf\":{\"@id\":\"https:\\\/\\\/mediumvioletred-llama-822322.hostingersite.com\\\/#website\"},\"primaryImageOfPage\":{\"@id\":\"https:\\\/\\\/lojapixel3d.com\\\/produto\\\/chapa-com-prensa-grill-eletrica-650x325mm-metalcubas-mge70\\\/#primaryimage\"},\"image\":{\"@id\":\"https:\\\/\\\/lojapixel3d.com\\\/produto\\\/chapa-com-prensa-grill-eletrica-650x325mm-metalcubas-mge70\\\/#primaryimage\"},\"thumbnailUrl\":\"https:\\\/\\\/lojapixel3d.com\\\/wp-content\\\/uploads\\\/2026\\\/02\\\/dc_DCE-1771084112-518_1.png\",\"datePublished\":\"2026-02-14T19:43:39+00:00\",\"dateModified\":\"2026-03-30T16:08:05+00:00\",\"breadcrumb\":{\"@id\":\"https:\\\/\\\/lojapixel3d.com\\\/produto\\\/chapa-com-prensa-grill-eletrica-650x325mm-metalcubas-mge70\\\/#breadcrumb\"},\"inLanguage\":\"en-US\",\"potentialAction\":[{\"@type\":\"ReadAction\",\"target\":[\"https:\\\/\\\/lojapixel3d.com\\\/produto\\\/chapa-com-prensa-grill-eletrica-650x325mm-metalcubas-mge70\\\/\"]}]},{\"@type\":\"ImageObject\",\"inLanguage\":\"en-US\",\"@id\":\"https:\\\/\\\/lojapixel3d.com\\\/produto\\\/chapa-com-prensa-grill-eletrica-650x325mm-metalcubas-mge70\\\/#primaryimage\",\"url\":\"https:\\\/\\\/lojapixel3d.com\\\/wp-content\\\/uploads\\\/2026\\\/02\\\/dc_DCE-1771084112-518_1.png\",\"contentUrl\":\"https:\\\/\\\/lojapixel3d.com\\\/wp-content\\\/uploads\\\/2026\\\/02\\\/dc_DCE-1771084112-518_1.png\",\"width\":600,\"height\":289},{\"@type\":\"BreadcrumbList\",\"@id\":\"https:\\\/\\\/lojapixel3d.com\\\/produto\\\/chapa-com-prensa-grill-eletrica-650x325mm-metalcubas-mge70\\\/#breadcrumb\",\"itemListElement\":[{\"@type\":\"ListItem\",\"position\":1,\"name\":\"In\u00edcio\",\"item\":\"https:\\\/\\\/lojapixel3d.com\\\/\"},{\"@type\":\"ListItem\",\"position\":2,\"name\":\"Cat\u00e1logo de Produtos\",\"item\":\"https:\\\/\\\/lojapixel3d.com\\\/catalogo-de-produtos\\\/\"},{\"@type\":\"ListItem\",\"position\":3,\"name\":\"Chapa Com Prensa Grill El\u00e9trica 650x325mm METALCUBAS MGE70\"}]},{\"@type\":\"WebSite\",\"@id\":\"https:\\\/\\\/mediumvioletred-llama-822322.hostingersite.com\\\/#website\",\"url\":\"https:\\\/\\\/mediumvioletred-llama-822322.hostingersite.com\\\/\",\"name\":\"Pixel 3D\",\"description\":\"\",\"publisher\":{\"@id\":\"https:\\\/\\\/mediumvioletred-llama-822322.hostingersite.com\\\/#organization\"},\"potentialAction\":[{\"@type\":\"SearchAction\",\"target\":{\"@type\":\"EntryPoint\",\"urlTemplate\":\"https:\\\/\\\/mediumvioletred-llama-822322.hostingersite.com\\\/?s={search_term_string}\"},\"query-input\":{\"@type\":\"PropertyValueSpecification\",\"valueRequired\":true,\"valueName\":\"search_term_string\"}}],\"inLanguage\":\"en-US\"},{\"@type\":\"Organization\",\"@id\":\"https:\\\/\\\/mediumvioletred-llama-822322.hostingersite.com\\\/#organization\",\"name\":\"Pixel 3D\",\"url\":\"https:\\\/\\\/mediumvioletred-llama-822322.hostingersite.com\\\/\",\"logo\":{\"@type\":\"ImageObject\",\"inLanguage\":\"en-US\",\"@id\":\"https:\\\/\\\/mediumvioletred-llama-822322.hostingersite.com\\\/#\\\/schema\\\/logo\\\/image\\\/\",\"url\":\"https:\\\/\\\/lojapixel3d.com\\\/wp-content\\\/uploads\\\/2026\\\/02\\\/cropped-PIXEL-3D-1200-x-300-px-2-1.png\",\"contentUrl\":\"https:\\\/\\\/lojapixel3d.com\\\/wp-content\\\/uploads\\\/2026\\\/02\\\/cropped-PIXEL-3D-1200-x-300-px-2-1.png\",\"width\":1200,\"height\":269,\"caption\":\"Pixel 3D\"},\"image\":{\"@id\":\"https:\\\/\\\/mediumvioletred-llama-822322.hostingersite.com\\\/#\\\/schema\\\/logo\\\/image\\\/\"},\"sameAs\":[\"https:\\\/\\\/wa.me\\\/5511997719131\"]}]}<\/script>\n<!-- \/ Yoast SEO plugin. -->","yoast_head_json":{"title":"Chapa Com Prensa Grill El\u00e9trica 650x325mm METALCUBAS MGE70 - Pixel 3D","robots":{"index":"index","follow":"follow","max-snippet":"max-snippet:-1","max-image-preview":"max-image-preview:large","max-video-preview":"max-video-preview:-1"},"canonical":"https:\/\/lojapixel3d.com\/en\/product\/chapa-com-prensa-grill-eletrica-650x325mm-metalcubas-mge70\/","og_locale":"en_US","og_type":"article","og_title":"Chapa Com Prensa Grill El\u00e9trica 650x325mm METALCUBAS MGE70 - Pixel 3D","og_description":"Chapa Com Prensa Grill El\u00e9trica 650x325mm METALCUBAS MGE70","og_url":"https:\/\/lojapixel3d.com\/en\/product\/chapa-com-prensa-grill-eletrica-650x325mm-metalcubas-mge70\/","og_site_name":"Pixel 3D","article_modified_time":"2026-03-30T16:08:05+00:00","twitter_card":"summary_large_image","twitter_misc":{"Est. reading time":"1 minute"},"schema":{"@context":"https:\/\/schema.org","@graph":[{"@type":["WebPage","ItemPage"],"@id":"https:\/\/lojapixel3d.com\/produto\/chapa-com-prensa-grill-eletrica-650x325mm-metalcubas-mge70\/","url":"https:\/\/lojapixel3d.com\/produto\/chapa-com-prensa-grill-eletrica-650x325mm-metalcubas-mge70\/","name":"Chapa Com Prensa Grill El\u00e9trica 650x325mm METALCUBAS MGE70 - Pixel 3D","isPartOf":{"@id":"https:\/\/mediumvioletred-llama-822322.hostingersite.com\/#website"},"primaryImageOfPage":{"@id":"https:\/\/lojapixel3d.com\/produto\/chapa-com-prensa-grill-eletrica-650x325mm-metalcubas-mge70\/#primaryimage"},"image":{"@id":"https:\/\/lojapixel3d.com\/produto\/chapa-com-prensa-grill-eletrica-650x325mm-metalcubas-mge70\/#primaryimage"},"thumbnailUrl":"https:\/\/lojapixel3d.com\/wp-content\/uploads\/2026\/02\/dc_DCE-1771084112-518_1.png","datePublished":"2026-02-14T19:43:39+00:00","dateModified":"2026-03-30T16:08:05+00:00","breadcrumb":{"@id":"https:\/\/lojapixel3d.com\/produto\/chapa-com-prensa-grill-eletrica-650x325mm-metalcubas-mge70\/#breadcrumb"},"inLanguage":"en-US","potentialAction":[{"@type":"ReadAction","target":["https:\/\/lojapixel3d.com\/produto\/chapa-com-prensa-grill-eletrica-650x325mm-metalcubas-mge70\/"]}]},{"@type":"ImageObject","inLanguage":"en-US","@id":"https:\/\/lojapixel3d.com\/produto\/chapa-com-prensa-grill-eletrica-650x325mm-metalcubas-mge70\/#primaryimage","url":"https:\/\/lojapixel3d.com\/wp-content\/uploads\/2026\/02\/dc_DCE-1771084112-518_1.png","contentUrl":"https:\/\/lojapixel3d.com\/wp-content\/uploads\/2026\/02\/dc_DCE-1771084112-518_1.png","width":600,"height":289},{"@type":"BreadcrumbList","@id":"https:\/\/lojapixel3d.com\/produto\/chapa-com-prensa-grill-eletrica-650x325mm-metalcubas-mge70\/#breadcrumb","itemListElement":[{"@type":"ListItem","position":1,"name":"In\u00edcio","item":"https:\/\/lojapixel3d.com\/"},{"@type":"ListItem","position":2,"name":"Cat\u00e1logo de Produtos","item":"https:\/\/lojapixel3d.com\/catalogo-de-produtos\/"},{"@type":"ListItem","position":3,"name":"Chapa Com Prensa Grill El\u00e9trica 650x325mm METALCUBAS MGE70"}]},{"@type":"WebSite","@id":"https:\/\/mediumvioletred-llama-822322.hostingersite.com\/#website","url":"https:\/\/mediumvioletred-llama-822322.hostingersite.com\/","name":"Pixel 3D","description":"","publisher":{"@id":"https:\/\/mediumvioletred-llama-822322.hostingersite.com\/#organization"},"potentialAction":[{"@type":"SearchAction","target":{"@type":"EntryPoint","urlTemplate":"https:\/\/mediumvioletred-llama-822322.hostingersite.com\/?s={search_term_string}"},"query-input":{"@type":"PropertyValueSpecification","valueRequired":true,"valueName":"search_term_string"}}],"inLanguage":"en-US"},{"@type":"Organization","@id":"https:\/\/mediumvioletred-llama-822322.hostingersite.com\/#organization","name":"Pixel 3D","url":"https:\/\/mediumvioletred-llama-822322.hostingersite.com\/","logo":{"@type":"ImageObject","inLanguage":"en-US","@id":"https:\/\/mediumvioletred-llama-822322.hostingersite.com\/#\/schema\/logo\/image\/","url":"https:\/\/lojapixel3d.com\/wp-content\/uploads\/2026\/02\/cropped-PIXEL-3D-1200-x-300-px-2-1.png","contentUrl":"https:\/\/lojapixel3d.com\/wp-content\/uploads\/2026\/02\/cropped-PIXEL-3D-1200-x-300-px-2-1.png","width":1200,"height":269,"caption":"Pixel 3D"},"image":{"@id":"https:\/\/mediumvioletred-llama-822322.hostingersite.com\/#\/schema\/logo\/image\/"},"sameAs":["https:\/\/wa.me\/5511997719131"]}]}},"_links":{"self":[{"href":"https:\/\/lojapixel3d.com\/en\/wp-json\/wp\/v2\/product\/301","targetHints":{"allow":["GET"]}}],"collection":[{"href":"https:\/\/lojapixel3d.com\/en\/wp-json\/wp\/v2\/product"}],"about":[{"href":"https:\/\/lojapixel3d.com\/en\/wp-json\/wp\/v2\/types\/product"}],"replies":[{"embeddable":true,"href":"https:\/\/lojapixel3d.com\/en\/wp-json\/wp\/v2\/comments?post=301"}],"wp:featuredmedia":[{"embeddable":true,"href":"https:\/\/lojapixel3d.com\/en\/wp-json\/wp\/v2\/media\/76"}],"wp:attachment":[{"href":"https:\/\/lojapixel3d.com\/en\/wp-json\/wp\/v2\/media?parent=301"}],"wp:term":[{"taxonomy":"product_brand","embeddable":true,"href":"https:\/\/lojapixel3d.com\/en\/wp-json\/wp\/v2\/product_brand?post=301"},{"taxonomy":"product_cat","embeddable":true,"href":"https:\/\/lojapixel3d.com\/en\/wp-json\/wp\/v2\/product_cat?post=301"},{"taxonomy":"product_tag","embeddable":true,"href":"https:\/\/lojapixel3d.com\/en\/wp-json\/wp\/v2\/product_tag?post=301"}],"curies":[{"name":"wp","href":"https:\/\/api.w.org\/{rel}","templated":true}]}}