{"id":400,"date":"2026-02-14T19:43:48","date_gmt":"2026-02-14T19:43:48","guid":{"rendered":"https:\/\/lojapixel3d.com\/?post_type=product&#038;p=400"},"modified":"2026-02-25T15:50:55","modified_gmt":"2026-02-25T15:50:55","slug":"forno-eletrico-mini-chef-progas-prpe-400","status":"publish","type":"product","link":"https:\/\/lojapixel3d.com\/en\/product\/forno-eletrico-mini-chef-progas-prpe-400\/","title":{"rendered":"Forno El\u00e9trico Mini Chef PROG\u00c1S PRPE-400"},"content":{"rendered":"<p><strong>Forno El\u00e9trico Mini Chef PROG\u00c1S PRPE-400<\/strong> \u00e9 a solu\u00e7\u00e3o profissional ideal para opera\u00e7\u00f5es comerciais, combinando qualidade, durabilidade e efici\u00eancia comprovadas pela marca <strong>DC Equipamentos<\/strong> para resultados superiores no dia a dia.<\/p>\n<h3>\ud83d\udccb Especifica\u00e7\u00f5es T\u00e9cnicas<\/h3>\n<table style=\"width:100%;border-collapse:collapse;margin:20px 0\">\n<thead>\n<tr style=\"background:#f5f5f5\">\n<th style=\"padding:10px;text-align:left;border:1px solid #ddd\">Caracter\u00edstica<\/th>\n<th style=\"padding:10px;text-align:left;border:1px solid #ddd\">Detalhe<\/th>\n<\/tr>\n<\/thead>\n<tbody>\n<tr>\n<td style=\"padding:8px;border:1px solid #ddd\"><strong>Marca<\/strong><\/td>\n<td style=\"padding:8px;border:1px solid #ddd\">PROG<\/td>\n<\/tr>\n<tr>\n<td style=\"padding:8px;border:1px solid #ddd\"><strong>Modelo<\/strong><\/td>\n<td style=\"padding:8px;border:1px solid #ddd\">PRPE-400E<\/td>\n<\/tr>\n<tr>\n<td style=\"padding:8px;border:1px solid #ddd\"><strong>Peso<\/strong><\/td>\n<td style=\"padding:8px;border:1px solid #ddd\">28.0 kg<\/td>\n<\/tr>\n<tr>\n<td style=\"padding:8px;border:1px solid #ddd\"><strong>Garantia<\/strong><\/td>\n<td style=\"padding:8px;border:1px solid #ddd\">6 meses<\/td>\n<\/tr>\n<\/tbody>\n<\/table>\n<h3>\u2705 Principais Caracter\u00edsticas<\/h3>\n<ul>\n<li>\u2713 Possui estrutura externa em a\u00e7o inox escovado<\/li>\n<li>\u2713 Visor em vidro temperado e porta tipo guilhotina<\/li>\n<li>\u2713 P\u00e9s antiderrapantes regul\u00e1veis, acompanha uma grade e pedra refrat\u00e1ria polida<\/li>\n<li>\u2713 O cavalete \u00e9 um item opcional e \u00e9 comercializado separadamente<\/li>\n<li>\u2713 Controle autom\u00e1tico de temperatura (termostato), somente para a resist\u00eancia inferior<\/li>\n<li>\u2713 Aquecimento superior apenas para gratinar, acionamento atrav\u00e9s de interruptor manual<\/li>\n<li>\u2713 Tens\u00e3o(v) 220<\/li>\n<li>\u2713 Pot\u00eancia(w) 3.300<\/li>\n<\/ul>","protected":false},"excerpt":{"rendered":"<p>Forno El\u00e9trico Mini Chef PROG\u00c1S PRPE-400<\/p>","protected":false},"featured_media":265,"comment_status":"open","ping_status":"closed","template":"","meta":[],"product_brand":[32],"product_cat":[104],"product_tag":[],"class_list":{"0":"post-400","1":"product","2":"type-product","3":"status-publish","4":"has-post-thumbnail","6":"product_brand-progas","7":"product_cat-fornos-eletrodomesticos","9":"first","10":"instock","11":"shipping-taxable","12":"purchasable","13":"product-type-simple"},"yoast_head":"<!-- This site is optimized with the Yoast SEO plugin v27.3 - https:\/\/yoast.com\/product\/yoast-seo-wordpress\/ -->\n<title>Forno El\u00e9trico Mini Chef PROG\u00c1S PRPE-400 - Pixel 3D<\/title>\n<meta name=\"robots\" content=\"index, follow, max-snippet:-1, max-image-preview:large, max-video-preview:-1\" \/>\n<link rel=\"canonical\" href=\"https:\/\/lojapixel3d.com\/en\/product\/forno-eletrico-mini-chef-progas-prpe-400\/\" \/>\n<meta property=\"og:locale\" content=\"en_US\" \/>\n<meta property=\"og:type\" content=\"article\" \/>\n<meta property=\"og:title\" content=\"Forno El\u00e9trico Mini Chef PROG\u00c1S PRPE-400 - Pixel 3D\" \/>\n<meta property=\"og:description\" content=\"Forno El\u00e9trico Mini Chef PROG\u00c1S PRPE-400\" \/>\n<meta property=\"og:url\" content=\"https:\/\/lojapixel3d.com\/en\/product\/forno-eletrico-mini-chef-progas-prpe-400\/\" \/>\n<meta property=\"og:site_name\" content=\"Pixel 3D\" \/>\n<meta property=\"article:modified_time\" content=\"2026-02-25T15:50:55+00:00\" \/>\n<meta name=\"twitter:card\" content=\"summary_large_image\" \/>\n<meta name=\"twitter:label1\" content=\"Est. reading time\" \/>\n\t<meta name=\"twitter:data1\" content=\"1 minute\" \/>\n<script type=\"application\/ld+json\" class=\"yoast-schema-graph\">{\"@context\":\"https:\\\/\\\/schema.org\",\"@graph\":[{\"@type\":[\"WebPage\",\"ItemPage\"],\"@id\":\"https:\\\/\\\/lojapixel3d.com\\\/produto\\\/forno-eletrico-mini-chef-progas-prpe-400\\\/\",\"url\":\"https:\\\/\\\/lojapixel3d.com\\\/produto\\\/forno-eletrico-mini-chef-progas-prpe-400\\\/\",\"name\":\"Forno El\u00e9trico Mini Chef PROG\u00c1S PRPE-400 - Pixel 3D\",\"isPartOf\":{\"@id\":\"https:\\\/\\\/mediumvioletred-llama-822322.hostingersite.com\\\/#website\"},\"primaryImageOfPage\":{\"@id\":\"https:\\\/\\\/lojapixel3d.com\\\/produto\\\/forno-eletrico-mini-chef-progas-prpe-400\\\/#primaryimage\"},\"image\":{\"@id\":\"https:\\\/\\\/lojapixel3d.com\\\/produto\\\/forno-eletrico-mini-chef-progas-prpe-400\\\/#primaryimage\"},\"thumbnailUrl\":\"https:\\\/\\\/lojapixel3d.com\\\/wp-content\\\/uploads\\\/2026\\\/02\\\/dc_DCE-1771084504-946_1.jpg\",\"datePublished\":\"2026-02-14T19:43:48+00:00\",\"dateModified\":\"2026-02-25T15:50:55+00:00\",\"breadcrumb\":{\"@id\":\"https:\\\/\\\/lojapixel3d.com\\\/produto\\\/forno-eletrico-mini-chef-progas-prpe-400\\\/#breadcrumb\"},\"inLanguage\":\"en-US\",\"potentialAction\":[{\"@type\":\"ReadAction\",\"target\":[\"https:\\\/\\\/lojapixel3d.com\\\/produto\\\/forno-eletrico-mini-chef-progas-prpe-400\\\/\"]}]},{\"@type\":\"ImageObject\",\"inLanguage\":\"en-US\",\"@id\":\"https:\\\/\\\/lojapixel3d.com\\\/produto\\\/forno-eletrico-mini-chef-progas-prpe-400\\\/#primaryimage\",\"url\":\"https:\\\/\\\/lojapixel3d.com\\\/wp-content\\\/uploads\\\/2026\\\/02\\\/dc_DCE-1771084504-946_1.jpg\",\"contentUrl\":\"https:\\\/\\\/lojapixel3d.com\\\/wp-content\\\/uploads\\\/2026\\\/02\\\/dc_DCE-1771084504-946_1.jpg\",\"width\":450,\"height\":450},{\"@type\":\"BreadcrumbList\",\"@id\":\"https:\\\/\\\/lojapixel3d.com\\\/produto\\\/forno-eletrico-mini-chef-progas-prpe-400\\\/#breadcrumb\",\"itemListElement\":[{\"@type\":\"ListItem\",\"position\":1,\"name\":\"In\u00edcio\",\"item\":\"https:\\\/\\\/lojapixel3d.com\\\/\"},{\"@type\":\"ListItem\",\"position\":2,\"name\":\"Cat\u00e1logo de Produtos\",\"item\":\"https:\\\/\\\/lojapixel3d.com\\\/catalogo-de-produtos\\\/\"},{\"@type\":\"ListItem\",\"position\":3,\"name\":\"Forno El\u00e9trico Mini Chef PROG\u00c1S PRPE-400\"}]},{\"@type\":\"WebSite\",\"@id\":\"https:\\\/\\\/mediumvioletred-llama-822322.hostingersite.com\\\/#website\",\"url\":\"https:\\\/\\\/mediumvioletred-llama-822322.hostingersite.com\\\/\",\"name\":\"Pixel 3D\",\"description\":\"\",\"publisher\":{\"@id\":\"https:\\\/\\\/mediumvioletred-llama-822322.hostingersite.com\\\/#organization\"},\"potentialAction\":[{\"@type\":\"SearchAction\",\"target\":{\"@type\":\"EntryPoint\",\"urlTemplate\":\"https:\\\/\\\/mediumvioletred-llama-822322.hostingersite.com\\\/?s={search_term_string}\"},\"query-input\":{\"@type\":\"PropertyValueSpecification\",\"valueRequired\":true,\"valueName\":\"search_term_string\"}}],\"inLanguage\":\"en-US\"},{\"@type\":\"Organization\",\"@id\":\"https:\\\/\\\/mediumvioletred-llama-822322.hostingersite.com\\\/#organization\",\"name\":\"Pixel 3D\",\"url\":\"https:\\\/\\\/mediumvioletred-llama-822322.hostingersite.com\\\/\",\"logo\":{\"@type\":\"ImageObject\",\"inLanguage\":\"en-US\",\"@id\":\"https:\\\/\\\/mediumvioletred-llama-822322.hostingersite.com\\\/#\\\/schema\\\/logo\\\/image\\\/\",\"url\":\"https:\\\/\\\/lojapixel3d.com\\\/wp-content\\\/uploads\\\/2026\\\/02\\\/cropped-PIXEL-3D-1200-x-300-px-2-1.png\",\"contentUrl\":\"https:\\\/\\\/lojapixel3d.com\\\/wp-content\\\/uploads\\\/2026\\\/02\\\/cropped-PIXEL-3D-1200-x-300-px-2-1.png\",\"width\":1200,\"height\":269,\"caption\":\"Pixel 3D\"},\"image\":{\"@id\":\"https:\\\/\\\/mediumvioletred-llama-822322.hostingersite.com\\\/#\\\/schema\\\/logo\\\/image\\\/\"},\"sameAs\":[\"https:\\\/\\\/wa.me\\\/5511997719131\"]}]}<\/script>\n<!-- \/ Yoast SEO plugin. -->","yoast_head_json":{"title":"Forno El\u00e9trico Mini Chef PROG\u00c1S PRPE-400 - Pixel 3D","robots":{"index":"index","follow":"follow","max-snippet":"max-snippet:-1","max-image-preview":"max-image-preview:large","max-video-preview":"max-video-preview:-1"},"canonical":"https:\/\/lojapixel3d.com\/en\/product\/forno-eletrico-mini-chef-progas-prpe-400\/","og_locale":"en_US","og_type":"article","og_title":"Forno El\u00e9trico Mini Chef PROG\u00c1S PRPE-400 - Pixel 3D","og_description":"Forno El\u00e9trico Mini Chef PROG\u00c1S PRPE-400","og_url":"https:\/\/lojapixel3d.com\/en\/product\/forno-eletrico-mini-chef-progas-prpe-400\/","og_site_name":"Pixel 3D","article_modified_time":"2026-02-25T15:50:55+00:00","twitter_card":"summary_large_image","twitter_misc":{"Est. reading time":"1 minute"},"schema":{"@context":"https:\/\/schema.org","@graph":[{"@type":["WebPage","ItemPage"],"@id":"https:\/\/lojapixel3d.com\/produto\/forno-eletrico-mini-chef-progas-prpe-400\/","url":"https:\/\/lojapixel3d.com\/produto\/forno-eletrico-mini-chef-progas-prpe-400\/","name":"Forno El\u00e9trico Mini Chef PROG\u00c1S PRPE-400 - Pixel 3D","isPartOf":{"@id":"https:\/\/mediumvioletred-llama-822322.hostingersite.com\/#website"},"primaryImageOfPage":{"@id":"https:\/\/lojapixel3d.com\/produto\/forno-eletrico-mini-chef-progas-prpe-400\/#primaryimage"},"image":{"@id":"https:\/\/lojapixel3d.com\/produto\/forno-eletrico-mini-chef-progas-prpe-400\/#primaryimage"},"thumbnailUrl":"https:\/\/lojapixel3d.com\/wp-content\/uploads\/2026\/02\/dc_DCE-1771084504-946_1.jpg","datePublished":"2026-02-14T19:43:48+00:00","dateModified":"2026-02-25T15:50:55+00:00","breadcrumb":{"@id":"https:\/\/lojapixel3d.com\/produto\/forno-eletrico-mini-chef-progas-prpe-400\/#breadcrumb"},"inLanguage":"en-US","potentialAction":[{"@type":"ReadAction","target":["https:\/\/lojapixel3d.com\/produto\/forno-eletrico-mini-chef-progas-prpe-400\/"]}]},{"@type":"ImageObject","inLanguage":"en-US","@id":"https:\/\/lojapixel3d.com\/produto\/forno-eletrico-mini-chef-progas-prpe-400\/#primaryimage","url":"https:\/\/lojapixel3d.com\/wp-content\/uploads\/2026\/02\/dc_DCE-1771084504-946_1.jpg","contentUrl":"https:\/\/lojapixel3d.com\/wp-content\/uploads\/2026\/02\/dc_DCE-1771084504-946_1.jpg","width":450,"height":450},{"@type":"BreadcrumbList","@id":"https:\/\/lojapixel3d.com\/produto\/forno-eletrico-mini-chef-progas-prpe-400\/#breadcrumb","itemListElement":[{"@type":"ListItem","position":1,"name":"In\u00edcio","item":"https:\/\/lojapixel3d.com\/"},{"@type":"ListItem","position":2,"name":"Cat\u00e1logo de Produtos","item":"https:\/\/lojapixel3d.com\/catalogo-de-produtos\/"},{"@type":"ListItem","position":3,"name":"Forno El\u00e9trico Mini Chef PROG\u00c1S PRPE-400"}]},{"@type":"WebSite","@id":"https:\/\/mediumvioletred-llama-822322.hostingersite.com\/#website","url":"https:\/\/mediumvioletred-llama-822322.hostingersite.com\/","name":"Pixel 3D","description":"","publisher":{"@id":"https:\/\/mediumvioletred-llama-822322.hostingersite.com\/#organization"},"potentialAction":[{"@type":"SearchAction","target":{"@type":"EntryPoint","urlTemplate":"https:\/\/mediumvioletred-llama-822322.hostingersite.com\/?s={search_term_string}"},"query-input":{"@type":"PropertyValueSpecification","valueRequired":true,"valueName":"search_term_string"}}],"inLanguage":"en-US"},{"@type":"Organization","@id":"https:\/\/mediumvioletred-llama-822322.hostingersite.com\/#organization","name":"Pixel 3D","url":"https:\/\/mediumvioletred-llama-822322.hostingersite.com\/","logo":{"@type":"ImageObject","inLanguage":"en-US","@id":"https:\/\/mediumvioletred-llama-822322.hostingersite.com\/#\/schema\/logo\/image\/","url":"https:\/\/lojapixel3d.com\/wp-content\/uploads\/2026\/02\/cropped-PIXEL-3D-1200-x-300-px-2-1.png","contentUrl":"https:\/\/lojapixel3d.com\/wp-content\/uploads\/2026\/02\/cropped-PIXEL-3D-1200-x-300-px-2-1.png","width":1200,"height":269,"caption":"Pixel 3D"},"image":{"@id":"https:\/\/mediumvioletred-llama-822322.hostingersite.com\/#\/schema\/logo\/image\/"},"sameAs":["https:\/\/wa.me\/5511997719131"]}]}},"_links":{"self":[{"href":"https:\/\/lojapixel3d.com\/en\/wp-json\/wp\/v2\/product\/400","targetHints":{"allow":["GET"]}}],"collection":[{"href":"https:\/\/lojapixel3d.com\/en\/wp-json\/wp\/v2\/product"}],"about":[{"href":"https:\/\/lojapixel3d.com\/en\/wp-json\/wp\/v2\/types\/product"}],"replies":[{"embeddable":true,"href":"https:\/\/lojapixel3d.com\/en\/wp-json\/wp\/v2\/comments?post=400"}],"wp:featuredmedia":[{"embeddable":true,"href":"https:\/\/lojapixel3d.com\/en\/wp-json\/wp\/v2\/media\/265"}],"wp:attachment":[{"href":"https:\/\/lojapixel3d.com\/en\/wp-json\/wp\/v2\/media?parent=400"}],"wp:term":[{"taxonomy":"product_brand","embeddable":true,"href":"https:\/\/lojapixel3d.com\/en\/wp-json\/wp\/v2\/product_brand?post=400"},{"taxonomy":"product_cat","embeddable":true,"href":"https:\/\/lojapixel3d.com\/en\/wp-json\/wp\/v2\/product_cat?post=400"},{"taxonomy":"product_tag","embeddable":true,"href":"https:\/\/lojapixel3d.com\/en\/wp-json\/wp\/v2\/product_tag?post=400"}],"curies":[{"name":"wp","href":"https:\/\/api.w.org\/{rel}","templated":true}]}}