{"id":404,"date":"2026-02-14T19:43:48","date_gmt":"2026-02-14T19:43:48","guid":{"rendered":"https:\/\/lojapixel3d.com\/?post_type=product&#038;p=404"},"modified":"2026-02-24T20:35:46","modified_gmt":"2026-02-24T20:35:46","slug":"balanca-computadora-com-saida-serial-urano-us-31-2-pop-s","status":"publish","type":"product","link":"https:\/\/lojapixel3d.com\/en\/product\/balanca-computadora-com-saida-serial-urano-us-31-2-pop-s\/","title":{"rendered":"Balan\u00e7a computadora  com sa\u00edda serial UR\u00c2NO US 31\/2 POP-S"},"content":{"rendered":"<p><strong>Balan\u00e7a computadora  com sa\u00edda serial UR\u00c2NO US 31\/2 POP-S<\/strong> \u00e9 a solu\u00e7\u00e3o profissional ideal para opera\u00e7\u00f5es comerciais, combinando qualidade, durabilidade e efici\u00eancia comprovadas pela marca <strong>DC Equipamentos<\/strong> para resultados superiores no dia a dia.<\/p>\n<h3>\ud83d\udccb Especifica\u00e7\u00f5es T\u00e9cnicas<\/h3>\n<table style=\"width:100%;border-collapse:collapse;margin:20px 0\">\n<thead>\n<tr style=\"background:#f5f5f5\">\n<th style=\"padding:10px;text-align:left;border:1px solid #ddd\">Caracter\u00edstica<\/th>\n<th style=\"padding:10px;text-align:left;border:1px solid #ddd\">Detalhe<\/th>\n<\/tr>\n<\/thead>\n<tbody>\n<tr>\n<td style=\"padding:8px;border:1px solid #ddd\"><strong>Marca<\/strong><\/td>\n<td style=\"padding:8px;border:1px solid #ddd\">URANO<\/td>\n<\/tr>\n<tr>\n<td style=\"padding:8px;border:1px solid #ddd\"><strong>Modelo<\/strong><\/td>\n<td style=\"padding:8px;border:1px solid #ddd\">US<\/td>\n<\/tr>\n<tr>\n<td style=\"padding:8px;border:1px solid #ddd\"><strong>Material<\/strong><\/td>\n<td style=\"padding:8px;border:1px solid #ddd\">Pl\u00e1stico injetado tipo ABS<\/td>\n<\/tr>\n<tr>\n<td style=\"padding:8px;border:1px solid #ddd\"><strong>Garantia<\/strong><\/td>\n<td style=\"padding:8px;border:1px solid #ddd\">12 meses<\/td>\n<\/tr>\n<\/tbody>\n<\/table>\n<h3>\u2705 Principais Caracter\u00edsticas<\/h3>\n<ul>\n<li>\u2713 A POP-S 31\/2 \u00e9 uma balan\u00e7a comercial compacta, vers\u00e1til, que possui fun\u00e7\u00f5es que possibilitam um atendimento \u00e1gil e eficiente para o usu\u00e1rio<\/li>\n<li>\u2713 Devido a sua facilidade de transporte, \u00e9 muito utilizada em feiras livres e eventos outdoor<\/li>\n<li>\u2713 Este equipamento segue as normas metrol\u00f3gicas exigidas pelo INMETRO para equipamentos de pesagem classe III, conforme a portaria n\u00ba 154, de 12 de agosto de 2005<\/li>\n<li>\u2713 Excelente visibilidade das informa\u00e7\u00f5es em visor de LCD com backlight<\/li>\n<li>\u2713 Possui tripla faixa de pesagem, com nova capacidade m\u00e1xima de 31kg, \u00a0que permite na mesma balan\u00e7a realizar vendas tanto de produtos de alto \u00a0valor em pequenas quantidades, como produtos de baixo valor em grandes quantidades<\/li>\n<li>\u2713 Indica\u00e7\u00e3o de carga de bateria dispon\u00edvel no visor<\/li>\n<li>\u2713 Armazena 99 pre\u00e7os na mem\u00f3ria<\/li>\n<li>\u2713 Fun\u00e7\u00f5es que agilizam a opera\u00e7\u00e3o di\u00e1ria: TARA, Pre\u00e7o Fixo e Modo Empacotadora<\/li>\n<\/ul>","protected":false},"excerpt":{"rendered":"<p>Balan\u00e7a computadora  com sa\u00edda serial UR\u00c2NO US 31\/2 POP-S<\/p>","protected":false},"featured_media":269,"comment_status":"open","ping_status":"closed","template":"","meta":[],"product_brand":[],"product_cat":[138],"product_tag":[],"class_list":{"0":"post-404","1":"product","2":"type-product","3":"status-publish","4":"has-post-thumbnail","6":"product_cat-balancas-de-cozinha","8":"first","9":"instock","10":"shipping-taxable","11":"purchasable","12":"product-type-simple"},"yoast_head":"<!-- This site is optimized with the Yoast SEO plugin v27.3 - https:\/\/yoast.com\/product\/yoast-seo-wordpress\/ -->\n<title>Balan\u00e7a computadora com sa\u00edda serial UR\u00c2NO US 31\/2 POP-S - Pixel 3D<\/title>\n<meta name=\"robots\" content=\"index, follow, max-snippet:-1, max-image-preview:large, max-video-preview:-1\" \/>\n<link rel=\"canonical\" href=\"https:\/\/lojapixel3d.com\/en\/product\/balanca-computadora-com-saida-serial-urano-us-31-2-pop-s\/\" \/>\n<meta property=\"og:locale\" content=\"en_US\" \/>\n<meta property=\"og:type\" content=\"article\" \/>\n<meta property=\"og:title\" content=\"Balan\u00e7a computadora com sa\u00edda serial UR\u00c2NO US 31\/2 POP-S - Pixel 3D\" \/>\n<meta property=\"og:description\" content=\"Balan\u00e7a computadora com sa\u00edda serial UR\u00c2NO US 31\/2 POP-S\" \/>\n<meta property=\"og:url\" content=\"https:\/\/lojapixel3d.com\/en\/product\/balanca-computadora-com-saida-serial-urano-us-31-2-pop-s\/\" \/>\n<meta property=\"og:site_name\" content=\"Pixel 3D\" \/>\n<meta property=\"article:modified_time\" content=\"2026-02-24T20:35:46+00:00\" \/>\n<meta name=\"twitter:card\" content=\"summary_large_image\" \/>\n<meta name=\"twitter:label1\" content=\"Est. reading time\" \/>\n\t<meta name=\"twitter:data1\" content=\"1 minute\" \/>\n<script type=\"application\/ld+json\" class=\"yoast-schema-graph\">{\"@context\":\"https:\\\/\\\/schema.org\",\"@graph\":[{\"@type\":[\"WebPage\",\"ItemPage\"],\"@id\":\"https:\\\/\\\/lojapixel3d.com\\\/produto\\\/balanca-computadora-com-saida-serial-urano-us-31-2-pop-s\\\/\",\"url\":\"https:\\\/\\\/lojapixel3d.com\\\/produto\\\/balanca-computadora-com-saida-serial-urano-us-31-2-pop-s\\\/\",\"name\":\"Balan\u00e7a computadora com sa\u00edda serial UR\u00c2NO US 31\\\/2 POP-S - Pixel 3D\",\"isPartOf\":{\"@id\":\"https:\\\/\\\/mediumvioletred-llama-822322.hostingersite.com\\\/#website\"},\"primaryImageOfPage\":{\"@id\":\"https:\\\/\\\/lojapixel3d.com\\\/produto\\\/balanca-computadora-com-saida-serial-urano-us-31-2-pop-s\\\/#primaryimage\"},\"image\":{\"@id\":\"https:\\\/\\\/lojapixel3d.com\\\/produto\\\/balanca-computadora-com-saida-serial-urano-us-31-2-pop-s\\\/#primaryimage\"},\"thumbnailUrl\":\"https:\\\/\\\/lojapixel3d.com\\\/wp-content\\\/uploads\\\/2026\\\/02\\\/dc_DCE-1771084518-997_1.png\",\"datePublished\":\"2026-02-14T19:43:48+00:00\",\"dateModified\":\"2026-02-24T20:35:46+00:00\",\"breadcrumb\":{\"@id\":\"https:\\\/\\\/lojapixel3d.com\\\/produto\\\/balanca-computadora-com-saida-serial-urano-us-31-2-pop-s\\\/#breadcrumb\"},\"inLanguage\":\"en-US\",\"potentialAction\":[{\"@type\":\"ReadAction\",\"target\":[\"https:\\\/\\\/lojapixel3d.com\\\/produto\\\/balanca-computadora-com-saida-serial-urano-us-31-2-pop-s\\\/\"]}]},{\"@type\":\"ImageObject\",\"inLanguage\":\"en-US\",\"@id\":\"https:\\\/\\\/lojapixel3d.com\\\/produto\\\/balanca-computadora-com-saida-serial-urano-us-31-2-pop-s\\\/#primaryimage\",\"url\":\"https:\\\/\\\/lojapixel3d.com\\\/wp-content\\\/uploads\\\/2026\\\/02\\\/dc_DCE-1771084518-997_1.png\",\"contentUrl\":\"https:\\\/\\\/lojapixel3d.com\\\/wp-content\\\/uploads\\\/2026\\\/02\\\/dc_DCE-1771084518-997_1.png\",\"width\":447,\"height\":449},{\"@type\":\"BreadcrumbList\",\"@id\":\"https:\\\/\\\/lojapixel3d.com\\\/produto\\\/balanca-computadora-com-saida-serial-urano-us-31-2-pop-s\\\/#breadcrumb\",\"itemListElement\":[{\"@type\":\"ListItem\",\"position\":1,\"name\":\"In\u00edcio\",\"item\":\"https:\\\/\\\/lojapixel3d.com\\\/\"},{\"@type\":\"ListItem\",\"position\":2,\"name\":\"Cat\u00e1logo de Produtos\",\"item\":\"https:\\\/\\\/lojapixel3d.com\\\/catalogo-de-produtos\\\/\"},{\"@type\":\"ListItem\",\"position\":3,\"name\":\"Balan\u00e7a computadora com sa\u00edda serial UR\u00c2NO US 31\\\/2 POP-S\"}]},{\"@type\":\"WebSite\",\"@id\":\"https:\\\/\\\/mediumvioletred-llama-822322.hostingersite.com\\\/#website\",\"url\":\"https:\\\/\\\/mediumvioletred-llama-822322.hostingersite.com\\\/\",\"name\":\"Pixel 3D\",\"description\":\"\",\"publisher\":{\"@id\":\"https:\\\/\\\/mediumvioletred-llama-822322.hostingersite.com\\\/#organization\"},\"potentialAction\":[{\"@type\":\"SearchAction\",\"target\":{\"@type\":\"EntryPoint\",\"urlTemplate\":\"https:\\\/\\\/mediumvioletred-llama-822322.hostingersite.com\\\/?s={search_term_string}\"},\"query-input\":{\"@type\":\"PropertyValueSpecification\",\"valueRequired\":true,\"valueName\":\"search_term_string\"}}],\"inLanguage\":\"en-US\"},{\"@type\":\"Organization\",\"@id\":\"https:\\\/\\\/mediumvioletred-llama-822322.hostingersite.com\\\/#organization\",\"name\":\"Pixel 3D\",\"url\":\"https:\\\/\\\/mediumvioletred-llama-822322.hostingersite.com\\\/\",\"logo\":{\"@type\":\"ImageObject\",\"inLanguage\":\"en-US\",\"@id\":\"https:\\\/\\\/mediumvioletred-llama-822322.hostingersite.com\\\/#\\\/schema\\\/logo\\\/image\\\/\",\"url\":\"https:\\\/\\\/lojapixel3d.com\\\/wp-content\\\/uploads\\\/2026\\\/02\\\/cropped-PIXEL-3D-1200-x-300-px-2-1.png\",\"contentUrl\":\"https:\\\/\\\/lojapixel3d.com\\\/wp-content\\\/uploads\\\/2026\\\/02\\\/cropped-PIXEL-3D-1200-x-300-px-2-1.png\",\"width\":1200,\"height\":269,\"caption\":\"Pixel 3D\"},\"image\":{\"@id\":\"https:\\\/\\\/mediumvioletred-llama-822322.hostingersite.com\\\/#\\\/schema\\\/logo\\\/image\\\/\"},\"sameAs\":[\"https:\\\/\\\/wa.me\\\/5511997719131\"]}]}<\/script>\n<!-- \/ Yoast SEO plugin. -->","yoast_head_json":{"title":"Balan\u00e7a computadora com sa\u00edda serial UR\u00c2NO US 31\/2 POP-S - Pixel 3D","robots":{"index":"index","follow":"follow","max-snippet":"max-snippet:-1","max-image-preview":"max-image-preview:large","max-video-preview":"max-video-preview:-1"},"canonical":"https:\/\/lojapixel3d.com\/en\/product\/balanca-computadora-com-saida-serial-urano-us-31-2-pop-s\/","og_locale":"en_US","og_type":"article","og_title":"Balan\u00e7a computadora com sa\u00edda serial UR\u00c2NO US 31\/2 POP-S - Pixel 3D","og_description":"Balan\u00e7a computadora com sa\u00edda serial UR\u00c2NO US 31\/2 POP-S","og_url":"https:\/\/lojapixel3d.com\/en\/product\/balanca-computadora-com-saida-serial-urano-us-31-2-pop-s\/","og_site_name":"Pixel 3D","article_modified_time":"2026-02-24T20:35:46+00:00","twitter_card":"summary_large_image","twitter_misc":{"Est. reading time":"1 minute"},"schema":{"@context":"https:\/\/schema.org","@graph":[{"@type":["WebPage","ItemPage"],"@id":"https:\/\/lojapixel3d.com\/produto\/balanca-computadora-com-saida-serial-urano-us-31-2-pop-s\/","url":"https:\/\/lojapixel3d.com\/produto\/balanca-computadora-com-saida-serial-urano-us-31-2-pop-s\/","name":"Balan\u00e7a computadora com sa\u00edda serial UR\u00c2NO US 31\/2 POP-S - Pixel 3D","isPartOf":{"@id":"https:\/\/mediumvioletred-llama-822322.hostingersite.com\/#website"},"primaryImageOfPage":{"@id":"https:\/\/lojapixel3d.com\/produto\/balanca-computadora-com-saida-serial-urano-us-31-2-pop-s\/#primaryimage"},"image":{"@id":"https:\/\/lojapixel3d.com\/produto\/balanca-computadora-com-saida-serial-urano-us-31-2-pop-s\/#primaryimage"},"thumbnailUrl":"https:\/\/lojapixel3d.com\/wp-content\/uploads\/2026\/02\/dc_DCE-1771084518-997_1.png","datePublished":"2026-02-14T19:43:48+00:00","dateModified":"2026-02-24T20:35:46+00:00","breadcrumb":{"@id":"https:\/\/lojapixel3d.com\/produto\/balanca-computadora-com-saida-serial-urano-us-31-2-pop-s\/#breadcrumb"},"inLanguage":"en-US","potentialAction":[{"@type":"ReadAction","target":["https:\/\/lojapixel3d.com\/produto\/balanca-computadora-com-saida-serial-urano-us-31-2-pop-s\/"]}]},{"@type":"ImageObject","inLanguage":"en-US","@id":"https:\/\/lojapixel3d.com\/produto\/balanca-computadora-com-saida-serial-urano-us-31-2-pop-s\/#primaryimage","url":"https:\/\/lojapixel3d.com\/wp-content\/uploads\/2026\/02\/dc_DCE-1771084518-997_1.png","contentUrl":"https:\/\/lojapixel3d.com\/wp-content\/uploads\/2026\/02\/dc_DCE-1771084518-997_1.png","width":447,"height":449},{"@type":"BreadcrumbList","@id":"https:\/\/lojapixel3d.com\/produto\/balanca-computadora-com-saida-serial-urano-us-31-2-pop-s\/#breadcrumb","itemListElement":[{"@type":"ListItem","position":1,"name":"In\u00edcio","item":"https:\/\/lojapixel3d.com\/"},{"@type":"ListItem","position":2,"name":"Cat\u00e1logo de Produtos","item":"https:\/\/lojapixel3d.com\/catalogo-de-produtos\/"},{"@type":"ListItem","position":3,"name":"Balan\u00e7a computadora com sa\u00edda serial UR\u00c2NO US 31\/2 POP-S"}]},{"@type":"WebSite","@id":"https:\/\/mediumvioletred-llama-822322.hostingersite.com\/#website","url":"https:\/\/mediumvioletred-llama-822322.hostingersite.com\/","name":"Pixel 3D","description":"","publisher":{"@id":"https:\/\/mediumvioletred-llama-822322.hostingersite.com\/#organization"},"potentialAction":[{"@type":"SearchAction","target":{"@type":"EntryPoint","urlTemplate":"https:\/\/mediumvioletred-llama-822322.hostingersite.com\/?s={search_term_string}"},"query-input":{"@type":"PropertyValueSpecification","valueRequired":true,"valueName":"search_term_string"}}],"inLanguage":"en-US"},{"@type":"Organization","@id":"https:\/\/mediumvioletred-llama-822322.hostingersite.com\/#organization","name":"Pixel 3D","url":"https:\/\/mediumvioletred-llama-822322.hostingersite.com\/","logo":{"@type":"ImageObject","inLanguage":"en-US","@id":"https:\/\/mediumvioletred-llama-822322.hostingersite.com\/#\/schema\/logo\/image\/","url":"https:\/\/lojapixel3d.com\/wp-content\/uploads\/2026\/02\/cropped-PIXEL-3D-1200-x-300-px-2-1.png","contentUrl":"https:\/\/lojapixel3d.com\/wp-content\/uploads\/2026\/02\/cropped-PIXEL-3D-1200-x-300-px-2-1.png","width":1200,"height":269,"caption":"Pixel 3D"},"image":{"@id":"https:\/\/mediumvioletred-llama-822322.hostingersite.com\/#\/schema\/logo\/image\/"},"sameAs":["https:\/\/wa.me\/5511997719131"]}]}},"_links":{"self":[{"href":"https:\/\/lojapixel3d.com\/en\/wp-json\/wp\/v2\/product\/404","targetHints":{"allow":["GET"]}}],"collection":[{"href":"https:\/\/lojapixel3d.com\/en\/wp-json\/wp\/v2\/product"}],"about":[{"href":"https:\/\/lojapixel3d.com\/en\/wp-json\/wp\/v2\/types\/product"}],"replies":[{"embeddable":true,"href":"https:\/\/lojapixel3d.com\/en\/wp-json\/wp\/v2\/comments?post=404"}],"wp:featuredmedia":[{"embeddable":true,"href":"https:\/\/lojapixel3d.com\/en\/wp-json\/wp\/v2\/media\/269"}],"wp:attachment":[{"href":"https:\/\/lojapixel3d.com\/en\/wp-json\/wp\/v2\/media?parent=404"}],"wp:term":[{"taxonomy":"product_brand","embeddable":true,"href":"https:\/\/lojapixel3d.com\/en\/wp-json\/wp\/v2\/product_brand?post=404"},{"taxonomy":"product_cat","embeddable":true,"href":"https:\/\/lojapixel3d.com\/en\/wp-json\/wp\/v2\/product_cat?post=404"},{"taxonomy":"product_tag","embeddable":true,"href":"https:\/\/lojapixel3d.com\/en\/wp-json\/wp\/v2\/product_tag?post=404"}],"curies":[{"name":"wp","href":"https:\/\/api.w.org\/{rel}","templated":true}]}}