{"id":412,"date":"2026-02-14T19:43:48","date_gmt":"2026-02-14T19:43:48","guid":{"rendered":"https:\/\/lojapixel3d.com\/?post_type=product&#038;p=412"},"modified":"2026-02-25T17:12:11","modified_gmt":"2026-02-25T17:12:11","slug":"maquina-de-gelo-12kg-dia-portatil-gelopar-gmgd-15","status":"publish","type":"product","link":"https:\/\/lojapixel3d.com\/en\/product\/maquina-de-gelo-12kg-dia-portatil-gelopar-gmgd-15\/","title":{"rendered":"M\u00e1quina de Gelo 12kg Dia Port\u00e1til GELOPAR GMGD-15"},"content":{"rendered":"<p><strong>M\u00e1quina de Gelo 12kg Dia Port\u00e1til GELOPAR GMGD-15<\/strong> \u00e9 a solu\u00e7\u00e3o profissional ideal para opera\u00e7\u00f5es comerciais, combinando qualidade, durabilidade e efici\u00eancia comprovadas pela marca <strong>Gelopar<\/strong> para resultados superiores no dia a dia.<\/p>\n<h3>\ud83d\udccb Especifica\u00e7\u00f5es T\u00e9cnicas<\/h3>\n<table style=\"width:100%;border-collapse:collapse;margin:20px 0\">\n<thead>\n<tr style=\"background:#f5f5f5\">\n<th style=\"padding:10px;text-align:left;border:1px solid #ddd\">Caracter\u00edstica<\/th>\n<th style=\"padding:10px;text-align:left;border:1px solid #ddd\">Detalhe<\/th>\n<\/tr>\n<\/thead>\n<tbody>\n<tr>\n<td style=\"padding:8px;border:1px solid #ddd\"><strong>Marca<\/strong><\/td>\n<td style=\"padding:8px;border:1px solid #ddd\">GELOPAR<\/td>\n<\/tr>\n<tr>\n<td style=\"padding:8px;border:1px solid #ddd\"><strong>Modelo<\/strong><\/td>\n<td style=\"padding:8px;border:1px solid #ddd\">GMGD-15<\/td>\n<\/tr>\n<tr>\n<td style=\"padding:8px;border:1px solid #ddd\"><strong>Dimens\u00f5es (L x P x A)<\/strong><\/td>\n<td style=\"padding:8px;border:1px solid #ddd\">24.9 x 36.0 x 32.7 cm<\/td>\n<\/tr>\n<tr>\n<td style=\"padding:8px;border:1px solid #ddd\"><strong>Garantia<\/strong><\/td>\n<td style=\"padding:8px;border:1px solid #ddd\">12 meses<\/td>\n<\/tr>\n<\/tbody>\n<\/table>\n<h3>\u2705 Principais Caracter\u00edsticas<\/h3>\n<ul>\n<li>\u2713 Ideal para pequenas demandas, a m\u00e1quina de gelo port\u00e1til Gelopar, possu\u00ed acabamento de alta durabilidade e display digital multifun\u00e7\u00f5es.<\/li>\n<li>\u2713 A\u00e7o inox, acabamento de alta resist\u00eancia, que promove maior durabilidade ao equipamento.<\/li>\n<li>\u2713 F\u00e1cil limpeza, ideal para utiliza\u00e7\u00e3o em cozinhas profissionais ou dom\u00e9sticas.<\/li>\n<li>\u2713 Baixo Ru\u00eddo, sistema de refrigera\u00e7\u00e3o por compressor de baixo ru\u00eddo.<\/li>\n<li>\u2713 Displey digital, Possui display digital multifuncional na parte frontal, que possibilita \u00a0a programa\u00e7\u00e3o de hor\u00e1rio, escolha o tamanho do cubo e apresenta avisos de funcionamento.<\/li>\n<li>\u2713 Programa\u00e7\u00e3o, deixe a m\u00e1quina abastecida com \u00e1gua e programe o hor\u00e1rio para iniciar a fabrica\u00e7\u00e3o, tendo o gelo pronto nos momentos desejados.<\/li>\n<li>\u2713 3 Tamanhos, selecione o tamanho desejado para a fabrica\u00e7\u00e3o do cubo de gelo.<\/li>\n<li>\u2713 Os cubos ser\u00e3o depositados na bandeja coletora. Utilize a p\u00e1 que acompanha o produto, para remo\u00e7\u00e3o do gelo.<\/li>\n<\/ul>","protected":false},"excerpt":{"rendered":"<p>M\u00e1quina de Gelo 12kg Dia Port\u00e1til GELOPAR GMGD-15<\/p>","protected":false},"featured_media":277,"comment_status":"open","ping_status":"closed","template":"","meta":[],"product_brand":[25],"product_cat":[89],"product_tag":[],"class_list":{"0":"post-412","1":"product","2":"type-product","3":"status-publish","4":"has-post-thumbnail","6":"product_brand-gelopar","7":"product_cat-maquinas-de-gelo","9":"first","10":"instock","11":"shipping-taxable","12":"purchasable","13":"product-type-simple"},"yoast_head":"<!-- This site is optimized with the Yoast SEO plugin v27.3 - https:\/\/yoast.com\/product\/yoast-seo-wordpress\/ -->\n<title>M\u00e1quina de Gelo 12kg Dia Port\u00e1til GELOPAR GMGD-15 - Pixel 3D<\/title>\n<meta name=\"robots\" content=\"index, follow, max-snippet:-1, max-image-preview:large, max-video-preview:-1\" \/>\n<link rel=\"canonical\" href=\"https:\/\/lojapixel3d.com\/en\/product\/maquina-de-gelo-12kg-dia-portatil-gelopar-gmgd-15\/\" \/>\n<meta property=\"og:locale\" content=\"en_US\" \/>\n<meta property=\"og:type\" content=\"article\" \/>\n<meta property=\"og:title\" content=\"M\u00e1quina de Gelo 12kg Dia Port\u00e1til GELOPAR GMGD-15 - Pixel 3D\" \/>\n<meta property=\"og:description\" content=\"M\u00e1quina de Gelo 12kg Dia Port\u00e1til GELOPAR GMGD-15\" \/>\n<meta property=\"og:url\" content=\"https:\/\/lojapixel3d.com\/en\/product\/maquina-de-gelo-12kg-dia-portatil-gelopar-gmgd-15\/\" \/>\n<meta property=\"og:site_name\" content=\"Pixel 3D\" \/>\n<meta property=\"article:modified_time\" content=\"2026-02-25T17:12:11+00:00\" \/>\n<meta name=\"twitter:card\" content=\"summary_large_image\" \/>\n<meta name=\"twitter:label1\" content=\"Est. reading time\" \/>\n\t<meta name=\"twitter:data1\" content=\"1 minute\" \/>\n<script type=\"application\/ld+json\" class=\"yoast-schema-graph\">{\"@context\":\"https:\\\/\\\/schema.org\",\"@graph\":[{\"@type\":[\"WebPage\",\"ItemPage\"],\"@id\":\"https:\\\/\\\/lojapixel3d.com\\\/produto\\\/maquina-de-gelo-12kg-dia-portatil-gelopar-gmgd-15\\\/\",\"url\":\"https:\\\/\\\/lojapixel3d.com\\\/produto\\\/maquina-de-gelo-12kg-dia-portatil-gelopar-gmgd-15\\\/\",\"name\":\"M\u00e1quina de Gelo 12kg Dia Port\u00e1til GELOPAR GMGD-15 - Pixel 3D\",\"isPartOf\":{\"@id\":\"https:\\\/\\\/mediumvioletred-llama-822322.hostingersite.com\\\/#website\"},\"primaryImageOfPage\":{\"@id\":\"https:\\\/\\\/lojapixel3d.com\\\/produto\\\/maquina-de-gelo-12kg-dia-portatil-gelopar-gmgd-15\\\/#primaryimage\"},\"image\":{\"@id\":\"https:\\\/\\\/lojapixel3d.com\\\/produto\\\/maquina-de-gelo-12kg-dia-portatil-gelopar-gmgd-15\\\/#primaryimage\"},\"thumbnailUrl\":\"https:\\\/\\\/lojapixel3d.com\\\/wp-content\\\/uploads\\\/2026\\\/02\\\/dc_DCE-1771084552-538_1.jpg\",\"datePublished\":\"2026-02-14T19:43:48+00:00\",\"dateModified\":\"2026-02-25T17:12:11+00:00\",\"breadcrumb\":{\"@id\":\"https:\\\/\\\/lojapixel3d.com\\\/produto\\\/maquina-de-gelo-12kg-dia-portatil-gelopar-gmgd-15\\\/#breadcrumb\"},\"inLanguage\":\"en-US\",\"potentialAction\":[{\"@type\":\"ReadAction\",\"target\":[\"https:\\\/\\\/lojapixel3d.com\\\/produto\\\/maquina-de-gelo-12kg-dia-portatil-gelopar-gmgd-15\\\/\"]}]},{\"@type\":\"ImageObject\",\"inLanguage\":\"en-US\",\"@id\":\"https:\\\/\\\/lojapixel3d.com\\\/produto\\\/maquina-de-gelo-12kg-dia-portatil-gelopar-gmgd-15\\\/#primaryimage\",\"url\":\"https:\\\/\\\/lojapixel3d.com\\\/wp-content\\\/uploads\\\/2026\\\/02\\\/dc_DCE-1771084552-538_1.jpg\",\"contentUrl\":\"https:\\\/\\\/lojapixel3d.com\\\/wp-content\\\/uploads\\\/2026\\\/02\\\/dc_DCE-1771084552-538_1.jpg\",\"width\":450,\"height\":450},{\"@type\":\"BreadcrumbList\",\"@id\":\"https:\\\/\\\/lojapixel3d.com\\\/produto\\\/maquina-de-gelo-12kg-dia-portatil-gelopar-gmgd-15\\\/#breadcrumb\",\"itemListElement\":[{\"@type\":\"ListItem\",\"position\":1,\"name\":\"In\u00edcio\",\"item\":\"https:\\\/\\\/lojapixel3d.com\\\/\"},{\"@type\":\"ListItem\",\"position\":2,\"name\":\"Cat\u00e1logo de Produtos\",\"item\":\"https:\\\/\\\/lojapixel3d.com\\\/catalogo-de-produtos\\\/\"},{\"@type\":\"ListItem\",\"position\":3,\"name\":\"M\u00e1quina de Gelo 12kg Dia Port\u00e1til GELOPAR GMGD-15\"}]},{\"@type\":\"WebSite\",\"@id\":\"https:\\\/\\\/mediumvioletred-llama-822322.hostingersite.com\\\/#website\",\"url\":\"https:\\\/\\\/mediumvioletred-llama-822322.hostingersite.com\\\/\",\"name\":\"Pixel 3D\",\"description\":\"\",\"publisher\":{\"@id\":\"https:\\\/\\\/mediumvioletred-llama-822322.hostingersite.com\\\/#organization\"},\"potentialAction\":[{\"@type\":\"SearchAction\",\"target\":{\"@type\":\"EntryPoint\",\"urlTemplate\":\"https:\\\/\\\/mediumvioletred-llama-822322.hostingersite.com\\\/?s={search_term_string}\"},\"query-input\":{\"@type\":\"PropertyValueSpecification\",\"valueRequired\":true,\"valueName\":\"search_term_string\"}}],\"inLanguage\":\"en-US\"},{\"@type\":\"Organization\",\"@id\":\"https:\\\/\\\/mediumvioletred-llama-822322.hostingersite.com\\\/#organization\",\"name\":\"Pixel 3D\",\"url\":\"https:\\\/\\\/mediumvioletred-llama-822322.hostingersite.com\\\/\",\"logo\":{\"@type\":\"ImageObject\",\"inLanguage\":\"en-US\",\"@id\":\"https:\\\/\\\/mediumvioletred-llama-822322.hostingersite.com\\\/#\\\/schema\\\/logo\\\/image\\\/\",\"url\":\"https:\\\/\\\/lojapixel3d.com\\\/wp-content\\\/uploads\\\/2026\\\/02\\\/cropped-PIXEL-3D-1200-x-300-px-2-1.png\",\"contentUrl\":\"https:\\\/\\\/lojapixel3d.com\\\/wp-content\\\/uploads\\\/2026\\\/02\\\/cropped-PIXEL-3D-1200-x-300-px-2-1.png\",\"width\":1200,\"height\":269,\"caption\":\"Pixel 3D\"},\"image\":{\"@id\":\"https:\\\/\\\/mediumvioletred-llama-822322.hostingersite.com\\\/#\\\/schema\\\/logo\\\/image\\\/\"},\"sameAs\":[\"https:\\\/\\\/wa.me\\\/5511997719131\"]}]}<\/script>\n<!-- \/ Yoast SEO plugin. -->","yoast_head_json":{"title":"M\u00e1quina de Gelo 12kg Dia Port\u00e1til GELOPAR GMGD-15 - Pixel 3D","robots":{"index":"index","follow":"follow","max-snippet":"max-snippet:-1","max-image-preview":"max-image-preview:large","max-video-preview":"max-video-preview:-1"},"canonical":"https:\/\/lojapixel3d.com\/en\/product\/maquina-de-gelo-12kg-dia-portatil-gelopar-gmgd-15\/","og_locale":"en_US","og_type":"article","og_title":"M\u00e1quina de Gelo 12kg Dia Port\u00e1til GELOPAR GMGD-15 - Pixel 3D","og_description":"M\u00e1quina de Gelo 12kg Dia Port\u00e1til GELOPAR GMGD-15","og_url":"https:\/\/lojapixel3d.com\/en\/product\/maquina-de-gelo-12kg-dia-portatil-gelopar-gmgd-15\/","og_site_name":"Pixel 3D","article_modified_time":"2026-02-25T17:12:11+00:00","twitter_card":"summary_large_image","twitter_misc":{"Est. reading time":"1 minute"},"schema":{"@context":"https:\/\/schema.org","@graph":[{"@type":["WebPage","ItemPage"],"@id":"https:\/\/lojapixel3d.com\/produto\/maquina-de-gelo-12kg-dia-portatil-gelopar-gmgd-15\/","url":"https:\/\/lojapixel3d.com\/produto\/maquina-de-gelo-12kg-dia-portatil-gelopar-gmgd-15\/","name":"M\u00e1quina de Gelo 12kg Dia Port\u00e1til GELOPAR GMGD-15 - Pixel 3D","isPartOf":{"@id":"https:\/\/mediumvioletred-llama-822322.hostingersite.com\/#website"},"primaryImageOfPage":{"@id":"https:\/\/lojapixel3d.com\/produto\/maquina-de-gelo-12kg-dia-portatil-gelopar-gmgd-15\/#primaryimage"},"image":{"@id":"https:\/\/lojapixel3d.com\/produto\/maquina-de-gelo-12kg-dia-portatil-gelopar-gmgd-15\/#primaryimage"},"thumbnailUrl":"https:\/\/lojapixel3d.com\/wp-content\/uploads\/2026\/02\/dc_DCE-1771084552-538_1.jpg","datePublished":"2026-02-14T19:43:48+00:00","dateModified":"2026-02-25T17:12:11+00:00","breadcrumb":{"@id":"https:\/\/lojapixel3d.com\/produto\/maquina-de-gelo-12kg-dia-portatil-gelopar-gmgd-15\/#breadcrumb"},"inLanguage":"en-US","potentialAction":[{"@type":"ReadAction","target":["https:\/\/lojapixel3d.com\/produto\/maquina-de-gelo-12kg-dia-portatil-gelopar-gmgd-15\/"]}]},{"@type":"ImageObject","inLanguage":"en-US","@id":"https:\/\/lojapixel3d.com\/produto\/maquina-de-gelo-12kg-dia-portatil-gelopar-gmgd-15\/#primaryimage","url":"https:\/\/lojapixel3d.com\/wp-content\/uploads\/2026\/02\/dc_DCE-1771084552-538_1.jpg","contentUrl":"https:\/\/lojapixel3d.com\/wp-content\/uploads\/2026\/02\/dc_DCE-1771084552-538_1.jpg","width":450,"height":450},{"@type":"BreadcrumbList","@id":"https:\/\/lojapixel3d.com\/produto\/maquina-de-gelo-12kg-dia-portatil-gelopar-gmgd-15\/#breadcrumb","itemListElement":[{"@type":"ListItem","position":1,"name":"In\u00edcio","item":"https:\/\/lojapixel3d.com\/"},{"@type":"ListItem","position":2,"name":"Cat\u00e1logo de Produtos","item":"https:\/\/lojapixel3d.com\/catalogo-de-produtos\/"},{"@type":"ListItem","position":3,"name":"M\u00e1quina de Gelo 12kg Dia Port\u00e1til GELOPAR GMGD-15"}]},{"@type":"WebSite","@id":"https:\/\/mediumvioletred-llama-822322.hostingersite.com\/#website","url":"https:\/\/mediumvioletred-llama-822322.hostingersite.com\/","name":"Pixel 3D","description":"","publisher":{"@id":"https:\/\/mediumvioletred-llama-822322.hostingersite.com\/#organization"},"potentialAction":[{"@type":"SearchAction","target":{"@type":"EntryPoint","urlTemplate":"https:\/\/mediumvioletred-llama-822322.hostingersite.com\/?s={search_term_string}"},"query-input":{"@type":"PropertyValueSpecification","valueRequired":true,"valueName":"search_term_string"}}],"inLanguage":"en-US"},{"@type":"Organization","@id":"https:\/\/mediumvioletred-llama-822322.hostingersite.com\/#organization","name":"Pixel 3D","url":"https:\/\/mediumvioletred-llama-822322.hostingersite.com\/","logo":{"@type":"ImageObject","inLanguage":"en-US","@id":"https:\/\/mediumvioletred-llama-822322.hostingersite.com\/#\/schema\/logo\/image\/","url":"https:\/\/lojapixel3d.com\/wp-content\/uploads\/2026\/02\/cropped-PIXEL-3D-1200-x-300-px-2-1.png","contentUrl":"https:\/\/lojapixel3d.com\/wp-content\/uploads\/2026\/02\/cropped-PIXEL-3D-1200-x-300-px-2-1.png","width":1200,"height":269,"caption":"Pixel 3D"},"image":{"@id":"https:\/\/mediumvioletred-llama-822322.hostingersite.com\/#\/schema\/logo\/image\/"},"sameAs":["https:\/\/wa.me\/5511997719131"]}]}},"_links":{"self":[{"href":"https:\/\/lojapixel3d.com\/en\/wp-json\/wp\/v2\/product\/412","targetHints":{"allow":["GET"]}}],"collection":[{"href":"https:\/\/lojapixel3d.com\/en\/wp-json\/wp\/v2\/product"}],"about":[{"href":"https:\/\/lojapixel3d.com\/en\/wp-json\/wp\/v2\/types\/product"}],"replies":[{"embeddable":true,"href":"https:\/\/lojapixel3d.com\/en\/wp-json\/wp\/v2\/comments?post=412"}],"wp:featuredmedia":[{"embeddable":true,"href":"https:\/\/lojapixel3d.com\/en\/wp-json\/wp\/v2\/media\/277"}],"wp:attachment":[{"href":"https:\/\/lojapixel3d.com\/en\/wp-json\/wp\/v2\/media?parent=412"}],"wp:term":[{"taxonomy":"product_brand","embeddable":true,"href":"https:\/\/lojapixel3d.com\/en\/wp-json\/wp\/v2\/product_brand?post=412"},{"taxonomy":"product_cat","embeddable":true,"href":"https:\/\/lojapixel3d.com\/en\/wp-json\/wp\/v2\/product_cat?post=412"},{"taxonomy":"product_tag","embeddable":true,"href":"https:\/\/lojapixel3d.com\/en\/wp-json\/wp\/v2\/product_tag?post=412"}],"curies":[{"name":"wp","href":"https:\/\/api.w.org\/{rel}","templated":true}]}}