{"id":414,"date":"2026-02-14T19:43:48","date_gmt":"2026-02-14T19:43:48","guid":{"rendered":"https:\/\/lojapixel3d.com\/?post_type=product&#038;p=414"},"modified":"2026-02-25T17:12:33","modified_gmt":"2026-02-25T17:12:33","slug":"pia-total-inox-120x70cm-cuba-lado-direito-pia-120x70-cd","status":"publish","type":"product","link":"https:\/\/lojapixel3d.com\/en\/product\/pia-total-inox-120x70cm-cuba-lado-direito-pia-120x70-cd\/","title":{"rendered":"Pia Total Inox 1,20x70cm Cuba Lado Direito PIA-120X70-CD"},"content":{"rendered":"<p><strong>Pia Total Inox 1,20x70cm Cuba Lado Direito PIA-120X70-CD<\/strong> \u00e9 a solu\u00e7\u00e3o profissional ideal para opera\u00e7\u00f5es comerciais, combinando qualidade, durabilidade e efici\u00eancia comprovadas pela marca <strong>DC Equipamentos<\/strong> para resultados superiores no dia a dia.<\/p>\n<h3>\ud83d\udccb Especifica\u00e7\u00f5es T\u00e9cnicas<\/h3>\n<table style=\"width: 100%; border-collapse: collapse; margin: 20px 0;\">\n<thead>\n<tr style=\"background: #f5f5f5;\">\n<th style=\"padding: 10px; text-align: left; border: 1px solid #ddd;\">Caracter\u00edstica<\/th>\n<th style=\"padding: 10px; text-align: left; border: 1px solid #ddd;\">Detalhe<\/th>\n<\/tr>\n<\/thead>\n<tbody>\n<tr>\n<td style=\"padding: 8px; border: 1px solid #ddd;\"><strong>Marca<\/strong><\/td>\n<td style=\"padding: 8px; border: 1px solid #ddd;\">DC<\/td>\n<\/tr>\n<tr>\n<td style=\"padding: 8px; border: 1px solid #ddd;\"><strong>Modelo<\/strong><\/td>\n<td style=\"padding: 8px; border: 1px solid #ddd;\">PIA<\/td>\n<\/tr>\n<tr>\n<td style=\"padding: 8px; border: 1px solid #ddd;\"><strong>Dimens\u00f5es (L x P x A)<\/strong><\/td>\n<td style=\"padding: 8px; border: 1px solid #ddd;\">120.0 x 70.0 x 90.0 cm<\/td>\n<\/tr>\n<tr>\n<td style=\"padding: 8px; border: 1px solid #ddd;\"><strong>Garantia<\/strong><\/td>\n<td style=\"padding: 8px; border: 1px solid #ddd;\">3 meses<\/td>\n<\/tr>\n<\/tbody>\n<\/table>\n<h3>\u2705 Principais Caracter\u00edsticas<\/h3>\n<ul>\n<li>\u2713 Pia total inox \u00e9 Ideal para cozinha industrial, restaurantes, a\u00e7ougues, peixarias, pizzarias, padarias e confeitarias<\/li>\n<li>\u2713 Perfeita para manipula\u00e7\u00e3o de alimentos, higieniza\u00e7\u00e3o de lou\u00e7as, panelas e talheres<\/li>\n<li>\u2713 Invista na bancada de a\u00e7o inox com cuba que oferece durabilidade, efici\u00eancia e qualidade na sua cozinha<\/li>\n<li>\u2713 Pia Total inox com 1 Cuba e espelho<\/li>\n<li>\u2713 Altura do espelho 15cm<\/li>\n<li>\u2713 Capacidade do tampo 300kg<\/li>\n<li>\u2713 Cuba 50x40x25cm (LxPxA)<\/li>\n<li>\u2713 Cuba lado direito<\/li>\n<\/ul>","protected":false},"excerpt":{"rendered":"<p>Pia Total Inox 1,20x70cm Cuba Lado Direito PIA-120X70-CD<\/p>","protected":false},"featured_media":279,"comment_status":"open","ping_status":"closed","template":"","meta":[],"product_brand":[33],"product_cat":[66],"product_tag":[],"class_list":{"0":"post-414","1":"product","2":"type-product","3":"status-publish","4":"has-post-thumbnail","6":"product_brand-dc","7":"product_cat-pias-de-cozinha","9":"first","10":"instock","11":"shipping-taxable","12":"purchasable","13":"product-type-simple"},"yoast_head":"<!-- This site is optimized with the Yoast SEO plugin v27.3 - https:\/\/yoast.com\/product\/yoast-seo-wordpress\/ -->\n<title>Pia Total Inox 1,20x70cm Cuba Lado Direito PIA-120X70-CD - Pixel 3D<\/title>\n<meta name=\"robots\" content=\"index, follow, max-snippet:-1, max-image-preview:large, max-video-preview:-1\" \/>\n<link rel=\"canonical\" href=\"https:\/\/lojapixel3d.com\/en\/product\/pia-total-inox-120x70cm-cuba-lado-direito-pia-120x70-cd\/\" \/>\n<meta property=\"og:locale\" content=\"en_US\" \/>\n<meta property=\"og:type\" content=\"article\" \/>\n<meta property=\"og:title\" content=\"Pia Total Inox 1,20x70cm Cuba Lado Direito PIA-120X70-CD - Pixel 3D\" \/>\n<meta property=\"og:description\" content=\"Pia Total Inox 1,20x70cm Cuba Lado Direito PIA-120X70-CD\" \/>\n<meta property=\"og:url\" content=\"https:\/\/lojapixel3d.com\/en\/product\/pia-total-inox-120x70cm-cuba-lado-direito-pia-120x70-cd\/\" \/>\n<meta property=\"og:site_name\" content=\"Pixel 3D\" \/>\n<meta property=\"article:modified_time\" content=\"2026-02-25T17:12:33+00:00\" \/>\n<meta property=\"og:image\" content=\"https:\/\/lojapixel3d.com\/wp-content\/uploads\/2026\/02\/dc_DCE-1771084559-290_1.jpg\" \/>\n\t<meta property=\"og:image:width\" content=\"450\" \/>\n\t<meta property=\"og:image:height\" content=\"450\" \/>\n\t<meta property=\"og:image:type\" content=\"image\/jpeg\" \/>\n<meta name=\"twitter:card\" content=\"summary_large_image\" \/>\n<meta name=\"twitter:label1\" content=\"Est. reading time\" \/>\n\t<meta name=\"twitter:data1\" content=\"1 minute\" \/>\n<script type=\"application\/ld+json\" class=\"yoast-schema-graph\">{\"@context\":\"https:\\\/\\\/schema.org\",\"@graph\":[{\"@type\":[\"WebPage\",\"ItemPage\"],\"@id\":\"https:\\\/\\\/lojapixel3d.com\\\/produto\\\/pia-total-inox-120x70cm-cuba-lado-direito-pia-120x70-cd\\\/\",\"url\":\"https:\\\/\\\/lojapixel3d.com\\\/produto\\\/pia-total-inox-120x70cm-cuba-lado-direito-pia-120x70-cd\\\/\",\"name\":\"Pia Total Inox 1,20x70cm Cuba Lado Direito PIA-120X70-CD - Pixel 3D\",\"isPartOf\":{\"@id\":\"https:\\\/\\\/mediumvioletred-llama-822322.hostingersite.com\\\/#website\"},\"primaryImageOfPage\":{\"@id\":\"https:\\\/\\\/lojapixel3d.com\\\/produto\\\/pia-total-inox-120x70cm-cuba-lado-direito-pia-120x70-cd\\\/#primaryimage\"},\"image\":{\"@id\":\"https:\\\/\\\/lojapixel3d.com\\\/produto\\\/pia-total-inox-120x70cm-cuba-lado-direito-pia-120x70-cd\\\/#primaryimage\"},\"thumbnailUrl\":\"https:\\\/\\\/lojapixel3d.com\\\/wp-content\\\/uploads\\\/2026\\\/02\\\/dc_DCE-1771084559-290_1.jpg\",\"datePublished\":\"2026-02-14T19:43:48+00:00\",\"dateModified\":\"2026-02-25T17:12:33+00:00\",\"breadcrumb\":{\"@id\":\"https:\\\/\\\/lojapixel3d.com\\\/produto\\\/pia-total-inox-120x70cm-cuba-lado-direito-pia-120x70-cd\\\/#breadcrumb\"},\"inLanguage\":\"en-US\",\"potentialAction\":[{\"@type\":\"ReadAction\",\"target\":[\"https:\\\/\\\/lojapixel3d.com\\\/produto\\\/pia-total-inox-120x70cm-cuba-lado-direito-pia-120x70-cd\\\/\"]}]},{\"@type\":\"ImageObject\",\"inLanguage\":\"en-US\",\"@id\":\"https:\\\/\\\/lojapixel3d.com\\\/produto\\\/pia-total-inox-120x70cm-cuba-lado-direito-pia-120x70-cd\\\/#primaryimage\",\"url\":\"https:\\\/\\\/lojapixel3d.com\\\/wp-content\\\/uploads\\\/2026\\\/02\\\/dc_DCE-1771084559-290_1.jpg\",\"contentUrl\":\"https:\\\/\\\/lojapixel3d.com\\\/wp-content\\\/uploads\\\/2026\\\/02\\\/dc_DCE-1771084559-290_1.jpg\",\"width\":450,\"height\":450},{\"@type\":\"BreadcrumbList\",\"@id\":\"https:\\\/\\\/lojapixel3d.com\\\/produto\\\/pia-total-inox-120x70cm-cuba-lado-direito-pia-120x70-cd\\\/#breadcrumb\",\"itemListElement\":[{\"@type\":\"ListItem\",\"position\":1,\"name\":\"In\u00edcio\",\"item\":\"https:\\\/\\\/lojapixel3d.com\\\/\"},{\"@type\":\"ListItem\",\"position\":2,\"name\":\"Cat\u00e1logo de Produtos\",\"item\":\"https:\\\/\\\/lojapixel3d.com\\\/catalogo-de-produtos\\\/\"},{\"@type\":\"ListItem\",\"position\":3,\"name\":\"Pia Total Inox 1,20x70cm Cuba Lado Direito PIA-120X70-CD\"}]},{\"@type\":\"WebSite\",\"@id\":\"https:\\\/\\\/mediumvioletred-llama-822322.hostingersite.com\\\/#website\",\"url\":\"https:\\\/\\\/mediumvioletred-llama-822322.hostingersite.com\\\/\",\"name\":\"Pixel 3D\",\"description\":\"\",\"publisher\":{\"@id\":\"https:\\\/\\\/mediumvioletred-llama-822322.hostingersite.com\\\/#organization\"},\"potentialAction\":[{\"@type\":\"SearchAction\",\"target\":{\"@type\":\"EntryPoint\",\"urlTemplate\":\"https:\\\/\\\/mediumvioletred-llama-822322.hostingersite.com\\\/?s={search_term_string}\"},\"query-input\":{\"@type\":\"PropertyValueSpecification\",\"valueRequired\":true,\"valueName\":\"search_term_string\"}}],\"inLanguage\":\"en-US\"},{\"@type\":\"Organization\",\"@id\":\"https:\\\/\\\/mediumvioletred-llama-822322.hostingersite.com\\\/#organization\",\"name\":\"Pixel 3D\",\"url\":\"https:\\\/\\\/mediumvioletred-llama-822322.hostingersite.com\\\/\",\"logo\":{\"@type\":\"ImageObject\",\"inLanguage\":\"en-US\",\"@id\":\"https:\\\/\\\/mediumvioletred-llama-822322.hostingersite.com\\\/#\\\/schema\\\/logo\\\/image\\\/\",\"url\":\"https:\\\/\\\/lojapixel3d.com\\\/wp-content\\\/uploads\\\/2026\\\/02\\\/cropped-PIXEL-3D-1200-x-300-px-2-1.png\",\"contentUrl\":\"https:\\\/\\\/lojapixel3d.com\\\/wp-content\\\/uploads\\\/2026\\\/02\\\/cropped-PIXEL-3D-1200-x-300-px-2-1.png\",\"width\":1200,\"height\":269,\"caption\":\"Pixel 3D\"},\"image\":{\"@id\":\"https:\\\/\\\/mediumvioletred-llama-822322.hostingersite.com\\\/#\\\/schema\\\/logo\\\/image\\\/\"},\"sameAs\":[\"https:\\\/\\\/wa.me\\\/5511997719131\"]}]}<\/script>\n<!-- \/ Yoast SEO plugin. -->","yoast_head_json":{"title":"Pia Total Inox 1,20x70cm Cuba Lado Direito PIA-120X70-CD - Pixel 3D","robots":{"index":"index","follow":"follow","max-snippet":"max-snippet:-1","max-image-preview":"max-image-preview:large","max-video-preview":"max-video-preview:-1"},"canonical":"https:\/\/lojapixel3d.com\/en\/product\/pia-total-inox-120x70cm-cuba-lado-direito-pia-120x70-cd\/","og_locale":"en_US","og_type":"article","og_title":"Pia Total Inox 1,20x70cm Cuba Lado Direito PIA-120X70-CD - Pixel 3D","og_description":"Pia Total Inox 1,20x70cm Cuba Lado Direito PIA-120X70-CD","og_url":"https:\/\/lojapixel3d.com\/en\/product\/pia-total-inox-120x70cm-cuba-lado-direito-pia-120x70-cd\/","og_site_name":"Pixel 3D","article_modified_time":"2026-02-25T17:12:33+00:00","og_image":[{"width":450,"height":450,"url":"https:\/\/lojapixel3d.com\/wp-content\/uploads\/2026\/02\/dc_DCE-1771084559-290_1.jpg","type":"image\/jpeg"}],"twitter_card":"summary_large_image","twitter_misc":{"Est. reading time":"1 minute"},"schema":{"@context":"https:\/\/schema.org","@graph":[{"@type":["WebPage","ItemPage"],"@id":"https:\/\/lojapixel3d.com\/produto\/pia-total-inox-120x70cm-cuba-lado-direito-pia-120x70-cd\/","url":"https:\/\/lojapixel3d.com\/produto\/pia-total-inox-120x70cm-cuba-lado-direito-pia-120x70-cd\/","name":"Pia Total Inox 1,20x70cm Cuba Lado Direito PIA-120X70-CD - Pixel 3D","isPartOf":{"@id":"https:\/\/mediumvioletred-llama-822322.hostingersite.com\/#website"},"primaryImageOfPage":{"@id":"https:\/\/lojapixel3d.com\/produto\/pia-total-inox-120x70cm-cuba-lado-direito-pia-120x70-cd\/#primaryimage"},"image":{"@id":"https:\/\/lojapixel3d.com\/produto\/pia-total-inox-120x70cm-cuba-lado-direito-pia-120x70-cd\/#primaryimage"},"thumbnailUrl":"https:\/\/lojapixel3d.com\/wp-content\/uploads\/2026\/02\/dc_DCE-1771084559-290_1.jpg","datePublished":"2026-02-14T19:43:48+00:00","dateModified":"2026-02-25T17:12:33+00:00","breadcrumb":{"@id":"https:\/\/lojapixel3d.com\/produto\/pia-total-inox-120x70cm-cuba-lado-direito-pia-120x70-cd\/#breadcrumb"},"inLanguage":"en-US","potentialAction":[{"@type":"ReadAction","target":["https:\/\/lojapixel3d.com\/produto\/pia-total-inox-120x70cm-cuba-lado-direito-pia-120x70-cd\/"]}]},{"@type":"ImageObject","inLanguage":"en-US","@id":"https:\/\/lojapixel3d.com\/produto\/pia-total-inox-120x70cm-cuba-lado-direito-pia-120x70-cd\/#primaryimage","url":"https:\/\/lojapixel3d.com\/wp-content\/uploads\/2026\/02\/dc_DCE-1771084559-290_1.jpg","contentUrl":"https:\/\/lojapixel3d.com\/wp-content\/uploads\/2026\/02\/dc_DCE-1771084559-290_1.jpg","width":450,"height":450},{"@type":"BreadcrumbList","@id":"https:\/\/lojapixel3d.com\/produto\/pia-total-inox-120x70cm-cuba-lado-direito-pia-120x70-cd\/#breadcrumb","itemListElement":[{"@type":"ListItem","position":1,"name":"In\u00edcio","item":"https:\/\/lojapixel3d.com\/"},{"@type":"ListItem","position":2,"name":"Cat\u00e1logo de Produtos","item":"https:\/\/lojapixel3d.com\/catalogo-de-produtos\/"},{"@type":"ListItem","position":3,"name":"Pia Total Inox 1,20x70cm Cuba Lado Direito PIA-120X70-CD"}]},{"@type":"WebSite","@id":"https:\/\/mediumvioletred-llama-822322.hostingersite.com\/#website","url":"https:\/\/mediumvioletred-llama-822322.hostingersite.com\/","name":"Pixel 3D","description":"","publisher":{"@id":"https:\/\/mediumvioletred-llama-822322.hostingersite.com\/#organization"},"potentialAction":[{"@type":"SearchAction","target":{"@type":"EntryPoint","urlTemplate":"https:\/\/mediumvioletred-llama-822322.hostingersite.com\/?s={search_term_string}"},"query-input":{"@type":"PropertyValueSpecification","valueRequired":true,"valueName":"search_term_string"}}],"inLanguage":"en-US"},{"@type":"Organization","@id":"https:\/\/mediumvioletred-llama-822322.hostingersite.com\/#organization","name":"Pixel 3D","url":"https:\/\/mediumvioletred-llama-822322.hostingersite.com\/","logo":{"@type":"ImageObject","inLanguage":"en-US","@id":"https:\/\/mediumvioletred-llama-822322.hostingersite.com\/#\/schema\/logo\/image\/","url":"https:\/\/lojapixel3d.com\/wp-content\/uploads\/2026\/02\/cropped-PIXEL-3D-1200-x-300-px-2-1.png","contentUrl":"https:\/\/lojapixel3d.com\/wp-content\/uploads\/2026\/02\/cropped-PIXEL-3D-1200-x-300-px-2-1.png","width":1200,"height":269,"caption":"Pixel 3D"},"image":{"@id":"https:\/\/mediumvioletred-llama-822322.hostingersite.com\/#\/schema\/logo\/image\/"},"sameAs":["https:\/\/wa.me\/5511997719131"]}]}},"_links":{"self":[{"href":"https:\/\/lojapixel3d.com\/en\/wp-json\/wp\/v2\/product\/414","targetHints":{"allow":["GET"]}}],"collection":[{"href":"https:\/\/lojapixel3d.com\/en\/wp-json\/wp\/v2\/product"}],"about":[{"href":"https:\/\/lojapixel3d.com\/en\/wp-json\/wp\/v2\/types\/product"}],"replies":[{"embeddable":true,"href":"https:\/\/lojapixel3d.com\/en\/wp-json\/wp\/v2\/comments?post=414"}],"wp:featuredmedia":[{"embeddable":true,"href":"https:\/\/lojapixel3d.com\/en\/wp-json\/wp\/v2\/media\/279"}],"wp:attachment":[{"href":"https:\/\/lojapixel3d.com\/en\/wp-json\/wp\/v2\/media?parent=414"}],"wp:term":[{"taxonomy":"product_brand","embeddable":true,"href":"https:\/\/lojapixel3d.com\/en\/wp-json\/wp\/v2\/product_brand?post=414"},{"taxonomy":"product_cat","embeddable":true,"href":"https:\/\/lojapixel3d.com\/en\/wp-json\/wp\/v2\/product_cat?post=414"},{"taxonomy":"product_tag","embeddable":true,"href":"https:\/\/lojapixel3d.com\/en\/wp-json\/wp\/v2\/product_tag?post=414"}],"curies":[{"name":"wp","href":"https:\/\/api.w.org\/{rel}","templated":true}]}}